{"id":151014,"date":"2022-04-26T13:17:19","date_gmt":"2025-06-09T11:08:28","guid":{"rendered":"https:\/\/kingarms.ee\/product\/universalus-40mm-granata-maiselis-alyvuogiu-8fields\/"},"modified":"2025-06-09T14:08:28","modified_gmt":"2025-06-09T11:08:28","slug":"universalus-40mm-granata-maiselis-alyvuogiu-8fields","status":"publish","type":"product","link":"https:\/\/kingarms.ee\/lt\/product\/universalus-40mm-granata-maiselis-alyvuogiu-8fields\/","title":{"rendered":"UNIVERSALUS 40MM GRANATA MAI\u0160ELIS ALYVUOGI\u0172 8FIELDS"},"content":{"rendered":"","protected":false},"excerpt":{"rendered":"<p>UNIVERSALUS 40MM GRANATA MAI\u0160ELIS ALYVUOGI\u0172 8FIELDS<\/p>\n<p>Mai\u0161elyje telpa 40 mm\/37 mm granata arba daugelis kit\u0173 pried\u0173. Suderinamas su visomis MOLLE platformomis.<\/p>\n","protected":false},"featured_media":117790,"template":"","meta":{"_acf_changed":false},"product_brand":[],"product_cat":[1246,1240],"product_tag":[],"class_list":{"0":"post-151014","1":"product","2":"type-product","3":"status-publish","4":"has-post-thumbnail","6":"product_cat-kisenes","7":"product_cat-maiseliai-krepsiai-ir-dirzeliai","9":"first","10":"instock","11":"purchasable","12":"product-type-simple"},"acf":[],"_links":{"self":[{"href":"https:\/\/kingarms.ee\/lt\/wp-json\/wp\/v2\/product\/151014","targetHints":{"allow":["GET"]}}],"collection":[{"href":"https:\/\/kingarms.ee\/lt\/wp-json\/wp\/v2\/product"}],"about":[{"href":"https:\/\/kingarms.ee\/lt\/wp-json\/wp\/v2\/types\/product"}],"wp:featuredmedia":[{"embeddable":true,"href":"https:\/\/kingarms.ee\/lt\/wp-json\/wp\/v2\/media\/117790"}],"wp:attachment":[{"href":"https:\/\/kingarms.ee\/lt\/wp-json\/wp\/v2\/media?parent=151014"}],"wp:term":[{"taxonomy":"product_brand","embeddable":true,"href":"https:\/\/kingarms.ee\/lt\/wp-json\/wp\/v2\/product_brand?post=151014"},{"taxonomy":"product_cat","embeddable":true,"href":"https:\/\/kingarms.ee\/lt\/wp-json\/wp\/v2\/product_cat?post=151014"},{"taxonomy":"product_tag","embeddable":true,"href":"https:\/\/kingarms.ee\/lt\/wp-json\/wp\/v2\/product_tag?post=151014"}],"curies":[{"name":"wp","href":"https:\/\/api.w.org\/{rel}","templated":true}]}}