{"id":151015,"date":"2022-07-04T13:33:29","date_gmt":"2025-06-09T11:09:10","guid":{"rendered":"https:\/\/kingarms.ee\/product\/dbal-a2-lazerinis-modulis\/"},"modified":"2025-06-09T14:09:10","modified_gmt":"2025-06-09T11:09:10","slug":"dbal-a2-lazerinis-modulis","status":"publish","type":"product","link":"https:\/\/kingarms.ee\/lt\/product\/dbal-a2-lazerinis-modulis\/","title":{"rendered":"DBAL-A2 Lazerinis modulis"},"content":{"rendered":"","protected":false},"excerpt":{"rendered":"<p>DBAL-A2 Lazerinis modulis<\/p>\n<p><strong><u>Specifikacijos:<\/u><\/strong><\/p>\n<ul>\n<li>Matoma raudona lazerio galia: 5mv<\/li>\n<li>LED ap\u0161vietimo galia: 10mV<\/li>\n<li>Kalnas: picatinny kalnas<\/li>\n<li>Baterija: 1 CR123A (\u012f komplekt\u0105 ne\u012feina)<\/li>\n<li>Dydis: 85mm 70mm 40mm<\/li>\n<li>Svoris: 230g<\/li>\n<li>Ateikite su nuotolinio jungiklio uodega<\/li>\n<\/ul>\n","protected":false},"featured_media":122799,"template":"","meta":{"_acf_changed":false},"product_brand":[],"product_cat":[1165],"product_tag":[],"class_list":{"0":"post-151015","1":"product","2":"type-product","3":"status-publish","4":"has-post-thumbnail","6":"product_cat-lazeris","8":"first","9":"onbackorder","10":"taxable","11":"shipping-taxable","12":"product-type-simple"},"acf":[],"_links":{"self":[{"href":"https:\/\/kingarms.ee\/lt\/wp-json\/wp\/v2\/product\/151015","targetHints":{"allow":["GET"]}}],"collection":[{"href":"https:\/\/kingarms.ee\/lt\/wp-json\/wp\/v2\/product"}],"about":[{"href":"https:\/\/kingarms.ee\/lt\/wp-json\/wp\/v2\/types\/product"}],"wp:featuredmedia":[{"embeddable":true,"href":"https:\/\/kingarms.ee\/lt\/wp-json\/wp\/v2\/media\/122799"}],"wp:attachment":[{"href":"https:\/\/kingarms.ee\/lt\/wp-json\/wp\/v2\/media?parent=151015"}],"wp:term":[{"taxonomy":"product_brand","embeddable":true,"href":"https:\/\/kingarms.ee\/lt\/wp-json\/wp\/v2\/product_brand?post=151015"},{"taxonomy":"product_cat","embeddable":true,"href":"https:\/\/kingarms.ee\/lt\/wp-json\/wp\/v2\/product_cat?post=151015"},{"taxonomy":"product_tag","embeddable":true,"href":"https:\/\/kingarms.ee\/lt\/wp-json\/wp\/v2\/product_tag?post=151015"}],"curies":[{"name":"wp","href":"https:\/\/api.w.org\/{rel}","templated":true}]}}