{"id":151019,"date":"2022-07-04T13:24:29","date_gmt":"2025-06-09T11:11:06","guid":{"rendered":"https:\/\/kingarms.ee\/product\/11-33x50se-taskymo-apimties-rinkinio-mazinimo-zenklas\/"},"modified":"2025-06-09T14:11:06","modified_gmt":"2025-06-09T11:11:06","slug":"11-33x50se-taskymo-apimties-rinkinio-mazinimo-zenklas","status":"publish","type":"product","link":"https:\/\/kingarms.ee\/lt\/product\/11-33x50se-taskymo-apimties-rinkinio-mazinimo-zenklas\/","title":{"rendered":"11-33x50Se ta\u0161kymo apimties rinkinio ma\u017einimo \u017eenklas"},"content":{"rendered":"","protected":false},"excerpt":{"rendered":"<p>11-33x50Se ta\u0161kymo apimties rinkinio ma\u017einimo \u017eenklas<\/p>\n<p>Solitude 11-33h50se Spotting Scope rinkinys idealiai tinka \u012fvairioms reikm\u0117ms, \u012fskaitant \u0161audym\u0105 \u012f taikin\u012f, \u017eaidim\u0173 \u017evalgym\u0105\/sekim\u0105, policijos steb\u0117jim\u0105 ar snaiperi\u0173 steb\u0117jim\u0105. Pastatytas su kokyb\u0117s med\u017eiag\u0173 \u012fvairi\u0173 diapazon\u0173, Sightmark spotting taikymo sritis yra suprojektuoti su patogiu aki\u0173 reljefo ilg\u0105 laik\u0105 naudoti.Visuose ta\u0161kuose yra universalus trikojis ir ne\u0161iojimo d\u0117klas, kurie apsaugo optik\u0105 lauke. Suprojektuoti su tiesia akies dalimi ir pasukamu tvirtinimo \u017eiedu, Sightmark spotting scopes turi pa\u017eangi\u0105 aliuminio prizm\u0117s dang\u0105, u\u017etikrinan\u010di\u0105 optimal\u0173 \u0161viesos pralaidum\u0105. Vienatv\u0117s aptikimo sritys yra sukurtos naudojant porro prism optin\u0119 sistem\u0105, kad b\u016bt\u0173 u\u017etikrintas platus matymo laukas, kad b\u016bt\u0173 galima lengvai nuskaityti ir sekti \u017eaidim\u0105. Tiesus okuliaro dizainas leid\u017eia vartotojams patogiai pasteb\u0117ti ilg\u0105 laik\u0105, daugeliu s\u0105lyg\u0173. Sightmark spotting scopes gali pasigirti tvirtu, lengvu, guminiu \u0161arvuotu korpusu, kuris yra u\u017epildytas azotu ir sandarinimo \u017eiedu, tod\u0117l yra atsparus vandeniui ir r\u016bkui. Reguliuojami aki\u0173 puodeliai suteikia patog\u0173, pritaikyt\u0105 pritaikym\u0105 visiems vartotojams, nesvarbu, ar jie ne\u0161ioja akinius, ar ne. Pasi\u017eymintys dulk\u0117ms atsparia konstrukcija, reg\u0117jimo \u017denkl\u0173 taikymo sritys yra ypa\u010d patikimos vis\u0105 gyvenim\u0105.       <\/p>\n","protected":false},"featured_media":122787,"template":"","meta":{"_acf_changed":false},"product_brand":[],"product_cat":[1185],"product_tag":[],"class_list":{"0":"post-151019","1":"product","2":"type-product","3":"status-publish","4":"has-post-thumbnail","6":"product_cat-ziuronas","8":"first","9":"instock","10":"sale","11":"taxable","12":"shipping-taxable","13":"purchasable","14":"product-type-simple"},"acf":[],"_links":{"self":[{"href":"https:\/\/kingarms.ee\/lt\/wp-json\/wp\/v2\/product\/151019","targetHints":{"allow":["GET"]}}],"collection":[{"href":"https:\/\/kingarms.ee\/lt\/wp-json\/wp\/v2\/product"}],"about":[{"href":"https:\/\/kingarms.ee\/lt\/wp-json\/wp\/v2\/types\/product"}],"wp:featuredmedia":[{"embeddable":true,"href":"https:\/\/kingarms.ee\/lt\/wp-json\/wp\/v2\/media\/122787"}],"wp:attachment":[{"href":"https:\/\/kingarms.ee\/lt\/wp-json\/wp\/v2\/media?parent=151019"}],"wp:term":[{"taxonomy":"product_brand","embeddable":true,"href":"https:\/\/kingarms.ee\/lt\/wp-json\/wp\/v2\/product_brand?post=151019"},{"taxonomy":"product_cat","embeddable":true,"href":"https:\/\/kingarms.ee\/lt\/wp-json\/wp\/v2\/product_cat?post=151019"},{"taxonomy":"product_tag","embeddable":true,"href":"https:\/\/kingarms.ee\/lt\/wp-json\/wp\/v2\/product_tag?post=151019"}],"curies":[{"name":"wp","href":"https:\/\/api.w.org\/{rel}","templated":true}]}}