{"id":151026,"date":"2020-12-31T17:08:34","date_gmt":"2025-06-09T11:14:50","guid":{"rendered":"https:\/\/kingarms.ee\/product\/ipsc-taikiniai-griezti\/"},"modified":"2025-06-09T14:14:50","modified_gmt":"2025-06-09T11:14:50","slug":"ipsc-taikiniai-griezti","status":"publish","type":"product","link":"https:\/\/kingarms.ee\/lt\/product\/ipsc-taikiniai-griezti\/","title":{"rendered":"IPSC taikiniai (grie\u017eti)"},"content":{"rendered":"<p><img loading=\"lazy\" decoding=\"async\" class=\"alignnone size-medium wp-image-37544\" src=\"https:\/\/kingarms.ee\/wp-content\/uploads\/2020\/12\/pratice-target-rs-ipsc-type-5-range-solutions-ran-020809-300x300.jpeg\" alt=\"\" width=\"300\" height=\"300\" srcset=\"https:\/\/kingarms.ee\/wp-content\/uploads\/2020\/12\/pratice-target-rs-ipsc-type-5-range-solutions-ran-020809-300x300.jpeg 300w, https:\/\/kingarms.ee\/wp-content\/uploads\/2020\/12\/pratice-target-rs-ipsc-type-5-range-solutions-ran-020809-150x150.jpeg 150w, https:\/\/kingarms.ee\/wp-content\/uploads\/2020\/12\/pratice-target-rs-ipsc-type-5-range-solutions-ran-020809-768x768.jpeg 768w, https:\/\/kingarms.ee\/wp-content\/uploads\/2020\/12\/pratice-target-rs-ipsc-type-5-range-solutions-ran-020809-500x500.jpeg 500w, https:\/\/kingarms.ee\/wp-content\/uploads\/2020\/12\/pratice-target-rs-ipsc-type-5-range-solutions-ran-020809.jpeg 850w\" sizes=\"auto, (max-width: 300px) 100vw, 300px\" \/><\/p>\n","protected":false},"excerpt":{"rendered":"<p>IPSC taikiniai (grie\u017eti)<\/p>\n<p><span class=\"JLqJ4b\" data-language-for-alternatives=\"et\" data-language-to-translate-into=\"pl\" data-phrase-index=\"1\"><span class=\"JLqJ4b ChMk0b\" data-language-for-alternatives=\"et\" data-language-to-translate-into=\"pl\" data-phrase-index=\"2\">IPSC tiksliniai puslapiai, skirti \u0161auliams, norintiems treniruotis vis daugiau ir daugiau. Simboli\u0173 lapo dydis atitinka IPSC taisykles. Plok\u0161t\u0117s atspausdintos ant 80 g ofsetinio popieriaus, tod\u0117l jos yra pigesn\u0117s, u\u017eima ma\u017eiau vietos ir yra lengviau transportuojamos nei Kartoniniai diskai. Linijos, skirian\u010dios A, C ir D zonas, yra tokios plonos, kad yra nematomos i\u0161 10 m atstumo, kaip ant kartoninio prototipo. Pasiekus tiksl\u0105, sm\u016bgius galima lengvai atskirti.    <\/span><\/span><\/p>\n<p>Suurus: 500x700mm<\/p>\n","protected":false},"featured_media":115392,"template":"","meta":{"_acf_changed":false},"product_brand":[],"product_cat":[1201],"product_tag":[],"class_list":{"0":"post-151026","1":"product","2":"type-product","3":"status-publish","4":"has-post-thumbnail","6":"product_cat-taikiniai","8":"first","9":"instock","10":"taxable","11":"shipping-taxable","12":"purchasable","13":"product-type-simple"},"acf":[],"_links":{"self":[{"href":"https:\/\/kingarms.ee\/lt\/wp-json\/wp\/v2\/product\/151026","targetHints":{"allow":["GET"]}}],"collection":[{"href":"https:\/\/kingarms.ee\/lt\/wp-json\/wp\/v2\/product"}],"about":[{"href":"https:\/\/kingarms.ee\/lt\/wp-json\/wp\/v2\/types\/product"}],"wp:featuredmedia":[{"embeddable":true,"href":"https:\/\/kingarms.ee\/lt\/wp-json\/wp\/v2\/media\/115392"}],"wp:attachment":[{"href":"https:\/\/kingarms.ee\/lt\/wp-json\/wp\/v2\/media?parent=151026"}],"wp:term":[{"taxonomy":"product_brand","embeddable":true,"href":"https:\/\/kingarms.ee\/lt\/wp-json\/wp\/v2\/product_brand?post=151026"},{"taxonomy":"product_cat","embeddable":true,"href":"https:\/\/kingarms.ee\/lt\/wp-json\/wp\/v2\/product_cat?post=151026"},{"taxonomy":"product_tag","embeddable":true,"href":"https:\/\/kingarms.ee\/lt\/wp-json\/wp\/v2\/product_tag?post=151026"}],"curies":[{"name":"wp","href":"https:\/\/api.w.org\/{rel}","templated":true}]}}