{"id":151035,"date":"2020-12-30T20:24:24","date_gmt":"2025-06-09T11:17:49","guid":{"rendered":"https:\/\/kingarms.ee\/product\/ipcs-universalus-deklas-fma\/"},"modified":"2025-06-09T14:17:49","modified_gmt":"2025-06-09T11:17:49","slug":"ipcs-universalus-deklas-fma","status":"publish","type":"product","link":"https:\/\/kingarms.ee\/lt\/product\/ipcs-universalus-deklas-fma\/","title":{"rendered":"IPCS universalus d\u0117klas (FMA)"},"content":{"rendered":"<p><img loading=\"lazy\" decoding=\"async\" class=\"alignnone size-medium wp-image-31404\" src=\"https:\/\/kingarms.ee\/wp-content\/uploads\/2020\/12\/1152220551_2-2-300x200.jpg\" alt=\"\" width=\"300\" height=\"200\" srcset=\"https:\/\/kingarms.ee\/wp-content\/uploads\/2020\/12\/1152220551_2-2-300x200.jpg 300w, https:\/\/kingarms.ee\/wp-content\/uploads\/2020\/12\/1152220551_2-2-150x100.jpg 150w, https:\/\/kingarms.ee\/wp-content\/uploads\/2020\/12\/1152220551_2-2-500x333.jpg 500w, https:\/\/kingarms.ee\/wp-content\/uploads\/2020\/12\/1152220551_2-2-768x512.jpg 768w, https:\/\/kingarms.ee\/wp-content\/uploads\/2020\/12\/1152220551_2-2.jpg 800w\" sizes=\"auto, (max-width: 300px) 100vw, 300px\" \/><\/p>\n","protected":false},"excerpt":{"rendered":"<p>IPCS universalus d\u0117klas<\/p>\n<p>IPSC d\u0117klas sportiniams ginklams.<span class=\"JLqJ4b\" data-language-for-alternatives=\"et\" data-language-to-translate-into=\"pl\" data-phrase-index=\"1\"> <span class=\"JLqJ4b ChMk0b\" data-language-for-alternatives=\"et\" data-language-to-translate-into=\"pl\" data-phrase-index=\"2\">Pagaminta i\u0161 metalo ir plastiko IPSC d\u0117klas Hi-Capa kopijoms. Kotelis skirtas montuoti ant dir\u017eo, kurio maksimalus plotis yra 40 mm, laikiklio auk\u0161tis yra reguliuojamas. <\/span><\/span><\/p>\n","protected":false},"featured_media":113948,"template":"","meta":{"_acf_changed":false},"product_brand":[],"product_cat":[1163],"product_tag":[],"class_list":{"0":"post-151035","1":"product","2":"type-product","3":"status-publish","4":"has-post-thumbnail","6":"product_cat-kabur","8":"first","9":"instock","10":"taxable","11":"shipping-taxable","12":"purchasable","13":"product-type-simple"},"acf":[],"_links":{"self":[{"href":"https:\/\/kingarms.ee\/lt\/wp-json\/wp\/v2\/product\/151035","targetHints":{"allow":["GET"]}}],"collection":[{"href":"https:\/\/kingarms.ee\/lt\/wp-json\/wp\/v2\/product"}],"about":[{"href":"https:\/\/kingarms.ee\/lt\/wp-json\/wp\/v2\/types\/product"}],"wp:featuredmedia":[{"embeddable":true,"href":"https:\/\/kingarms.ee\/lt\/wp-json\/wp\/v2\/media\/113948"}],"wp:attachment":[{"href":"https:\/\/kingarms.ee\/lt\/wp-json\/wp\/v2\/media?parent=151035"}],"wp:term":[{"taxonomy":"product_brand","embeddable":true,"href":"https:\/\/kingarms.ee\/lt\/wp-json\/wp\/v2\/product_brand?post=151035"},{"taxonomy":"product_cat","embeddable":true,"href":"https:\/\/kingarms.ee\/lt\/wp-json\/wp\/v2\/product_cat?post=151035"},{"taxonomy":"product_tag","embeddable":true,"href":"https:\/\/kingarms.ee\/lt\/wp-json\/wp\/v2\/product_tag?post=151035"}],"curies":[{"name":"wp","href":"https:\/\/api.w.org\/{rel}","templated":true}]}}