{"id":151036,"date":"2022-07-04T12:52:30","date_gmt":"2025-06-09T11:18:28","guid":{"rendered":"https:\/\/kingarms.ee\/product\/ranku-laikrodis-clawgear\/"},"modified":"2025-06-09T14:18:28","modified_gmt":"2025-06-09T11:18:28","slug":"ranku-laikrodis-clawgear","status":"publish","type":"product","link":"https:\/\/kingarms.ee\/lt\/product\/ranku-laikrodis-clawgear\/","title":{"rendered":"Rank\u0173 laikrodis \u201eClawgear\u201c"},"content":{"rendered":"","protected":false},"excerpt":{"rendered":"<article>\n<div class=\"product-tabs\">\n<div>Rank\u0173 laikrodis \u201eClawgear\u201c<\/div>\n<div id=\"text\">Patikimas laikrodis kariniams ir teis\u0117saugos operatoriams, teikiantiems auk\u0161t\u0105 funkcionalum\u0105. Dvigubas laikmatis buvo sukurtas d\u0117l labai da\u017eno rinkimo, kuris teikia analogines, ir skaitmenines funkcijas, reikalavimus. Su didelio tankio polikarbonato d\u0117klu, juod\u0173j\u0173 op\u0173 dizainu be joki\u0173 atspind\u017ei\u0173 metalini\u0173 dali\u0173, skaitmeninio kompaso, pasaulio laikma\u010dio, aliarmo re\u017eimo, chronografo ir daugelio kit\u0173. Baltos rankos ir juodos matricos ekranas su foninio ap\u0161vietimo perjungimu suteikia puik\u0173 matomum\u0105 sunkiomis s\u0105lygomis. Mygtuko tonus, skirtus naudoti mygtuk\u0105 Mode, galima i\u0161jungti.    <\/div>\n<\/div>\n<\/article>\n","protected":false},"featured_media":122747,"template":"","meta":{"_acf_changed":false},"product_brand":[],"product_cat":[1224],"product_tag":[],"class_list":{"0":"post-151036","1":"product","2":"type-product","3":"status-publish","4":"has-post-thumbnail","6":"product_cat-ranku-laikrodis","8":"first","9":"onbackorder","10":"taxable","11":"shipping-taxable","12":"product-type-simple"},"acf":[],"_links":{"self":[{"href":"https:\/\/kingarms.ee\/lt\/wp-json\/wp\/v2\/product\/151036","targetHints":{"allow":["GET"]}}],"collection":[{"href":"https:\/\/kingarms.ee\/lt\/wp-json\/wp\/v2\/product"}],"about":[{"href":"https:\/\/kingarms.ee\/lt\/wp-json\/wp\/v2\/types\/product"}],"wp:featuredmedia":[{"embeddable":true,"href":"https:\/\/kingarms.ee\/lt\/wp-json\/wp\/v2\/media\/122747"}],"wp:attachment":[{"href":"https:\/\/kingarms.ee\/lt\/wp-json\/wp\/v2\/media?parent=151036"}],"wp:term":[{"taxonomy":"product_brand","embeddable":true,"href":"https:\/\/kingarms.ee\/lt\/wp-json\/wp\/v2\/product_brand?post=151036"},{"taxonomy":"product_cat","embeddable":true,"href":"https:\/\/kingarms.ee\/lt\/wp-json\/wp\/v2\/product_cat?post=151036"},{"taxonomy":"product_tag","embeddable":true,"href":"https:\/\/kingarms.ee\/lt\/wp-json\/wp\/v2\/product_tag?post=151036"}],"curies":[{"name":"wp","href":"https:\/\/api.w.org\/{rel}","templated":true}]}}