{"id":151040,"date":"2022-04-26T13:17:19","date_gmt":"2025-06-09T11:21:28","guid":{"rendered":"https:\/\/kingarms.ee\/product\/vienas-maiselis-pistoleto-zurnalams-multicamo-8fields\/"},"modified":"2025-06-09T14:21:28","modified_gmt":"2025-06-09T11:21:28","slug":"vienas-maiselis-pistoleto-zurnalams-multicamo-8fields","status":"publish","type":"product","link":"https:\/\/kingarms.ee\/lt\/product\/vienas-maiselis-pistoleto-zurnalams-multicamo-8fields\/","title":{"rendered":"VIENAS MAI\u0160ELIS PISTOLETO \u017dURNALAMS MULTICAMO 8FIELDS"},"content":{"rendered":"","protected":false},"excerpt":{"rendered":"<p>VIENAS MAI\u0160ELIS PISTOLETO \u017dURNALAMS MULTICAMO 8FIELDS<\/p>\n<p>Mai\u0161elis pagamintas i\u0161 auk\u0161tos kokyb\u0117s vandeniui atsparaus nailono 600D. mai\u0161elis skirtas laikyti vien\u0105 pistoleto d\u0117tuv\u0119. <\/p>\n","protected":false},"featured_media":117832,"template":"","meta":{"_acf_changed":false},"product_brand":[],"product_cat":[1240,1242],"product_tag":[],"class_list":{"0":"post-151040","1":"product","2":"type-product","3":"status-publish","4":"has-post-thumbnail","6":"product_cat-maiseliai-krepsiai-ir-dirzeliai","7":"product_cat-sandeliavimo-kisenes","9":"first","10":"instock","11":"purchasable","12":"product-type-simple"},"acf":[],"_links":{"self":[{"href":"https:\/\/kingarms.ee\/lt\/wp-json\/wp\/v2\/product\/151040","targetHints":{"allow":["GET"]}}],"collection":[{"href":"https:\/\/kingarms.ee\/lt\/wp-json\/wp\/v2\/product"}],"about":[{"href":"https:\/\/kingarms.ee\/lt\/wp-json\/wp\/v2\/types\/product"}],"wp:featuredmedia":[{"embeddable":true,"href":"https:\/\/kingarms.ee\/lt\/wp-json\/wp\/v2\/media\/117832"}],"wp:attachment":[{"href":"https:\/\/kingarms.ee\/lt\/wp-json\/wp\/v2\/media?parent=151040"}],"wp:term":[{"taxonomy":"product_brand","embeddable":true,"href":"https:\/\/kingarms.ee\/lt\/wp-json\/wp\/v2\/product_brand?post=151040"},{"taxonomy":"product_cat","embeddable":true,"href":"https:\/\/kingarms.ee\/lt\/wp-json\/wp\/v2\/product_cat?post=151040"},{"taxonomy":"product_tag","embeddable":true,"href":"https:\/\/kingarms.ee\/lt\/wp-json\/wp\/v2\/product_tag?post=151040"}],"curies":[{"name":"wp","href":"https:\/\/api.w.org\/{rel}","templated":true}]}}