{"id":151096,"date":"2023-02-09T14:29:29","date_gmt":"2025-06-20T12:28:30","guid":{"rendered":"https:\/\/kingarms.ee\/product\/keiciamas-magnetinis-tvirtinimo-deklas\/"},"modified":"2025-06-20T15:28:30","modified_gmt":"2025-06-20T12:28:30","slug":"keiciamas-magnetinis-tvirtinimo-deklas","status":"publish","type":"product","link":"https:\/\/kingarms.ee\/lt\/product\/keiciamas-magnetinis-tvirtinimo-deklas\/","title":{"rendered":"Kei\u010diamas magnetinis tvirtinimo d\u0117klas"},"content":{"rendered":"<p><img loading=\"lazy\" decoding=\"async\" class=\"alignnone size-full wp-image-74476\" src=\"https:\/\/kingarms.ee\/wp-content\/uploads\/2023\/02\/1.jpg\" alt=\"\" width=\"640\" height=\"640\" srcset=\"https:\/\/kingarms.ee\/wp-content\/uploads\/2023\/02\/1.jpg 640w, https:\/\/kingarms.ee\/wp-content\/uploads\/2023\/02\/1-300x300.jpg 300w, https:\/\/kingarms.ee\/wp-content\/uploads\/2023\/02\/1-150x150.jpg 150w, https:\/\/kingarms.ee\/wp-content\/uploads\/2023\/02\/1-500x500.jpg 500w\" sizes=\"auto, (max-width: 640px) 100vw, 640px\" \/><\/p>\n","protected":false},"excerpt":{"rendered":"<p><strong>Kei\u010diamas magnetinis tvirtinimo d\u0117klas<\/strong><\/p>\n<p>Tvirtinamas magnetais per drabu\u017eius, dir\u017eelius, audin\u012f ir kt<br \/>\nVisi\u0161kai integruotas, \u012fmontuotas ret\u0173j\u0173 \u017eemi\u0173 neodimio magnetas<br \/>\nPamink\u0161tintas dugnas patogumui<br \/>\n\u0160is patvirtinimas yra kas 2020 m. elito serija<br \/>\nSuderinamas su Elite ir Microalise \u012frenginiais <\/p>\n","protected":false},"featured_media":127239,"template":"","meta":{"_acf_changed":false},"product_brand":[],"product_cat":[1157],"product_tag":[],"class_list":{"0":"post-151096","1":"product","2":"type-product","3":"status-publish","4":"has-post-thumbnail","6":"product_cat-policija-kariuomene","8":"first","9":"instock","10":"taxable","11":"shipping-taxable","12":"purchasable","13":"product-type-simple"},"acf":[],"_links":{"self":[{"href":"https:\/\/kingarms.ee\/lt\/wp-json\/wp\/v2\/product\/151096","targetHints":{"allow":["GET"]}}],"collection":[{"href":"https:\/\/kingarms.ee\/lt\/wp-json\/wp\/v2\/product"}],"about":[{"href":"https:\/\/kingarms.ee\/lt\/wp-json\/wp\/v2\/types\/product"}],"wp:featuredmedia":[{"embeddable":true,"href":"https:\/\/kingarms.ee\/lt\/wp-json\/wp\/v2\/media\/127239"}],"wp:attachment":[{"href":"https:\/\/kingarms.ee\/lt\/wp-json\/wp\/v2\/media?parent=151096"}],"wp:term":[{"taxonomy":"product_brand","embeddable":true,"href":"https:\/\/kingarms.ee\/lt\/wp-json\/wp\/v2\/product_brand?post=151096"},{"taxonomy":"product_cat","embeddable":true,"href":"https:\/\/kingarms.ee\/lt\/wp-json\/wp\/v2\/product_cat?post=151096"},{"taxonomy":"product_tag","embeddable":true,"href":"https:\/\/kingarms.ee\/lt\/wp-json\/wp\/v2\/product_tag?post=151096"}],"curies":[{"name":"wp","href":"https:\/\/api.w.org\/{rel}","templated":true}]}}