{"id":151099,"date":"2023-02-09T14:15:13","date_gmt":"2023-02-09T11:15:13","guid":{"rendered":"https:\/\/kingarms.ee\/product\/naktinis-stebejimo-irenginys-sytelong-ht-66-940-nm\/"},"modified":"2025-06-20T15:30:10","modified_gmt":"2025-06-20T12:30:10","slug":"naktinis-stebejimo-irenginys-sytelong-ht-66-940-nm","status":"publish","type":"product","link":"https:\/\/kingarms.ee\/lt\/product\/naktinis-stebejimo-irenginys-sytelong-ht-66-940-nm\/","title":{"rendered":"Naktinis steb\u0117jimo \u012frenginys-Sytelong HT-66 940 nm"},"content":{"rendered":"<p><img loading=\"lazy\" decoding=\"async\" class=\"alignnone size-full wp-image-74452\" src=\"https:\/\/kingarms.ee\/wp-content\/uploads\/2023\/02\/cyfrowy-monokular-nasadka-noktowizyjna-sytong-ht-66-940-nm-354c419a5b2541fab73f3cf59555a035-44b2696f.jpg\" alt=\"\" width=\"900\" height=\"900\" srcset=\"https:\/\/kingarms.ee\/wp-content\/uploads\/2023\/02\/cyfrowy-monokular-nasadka-noktowizyjna-sytong-ht-66-940-nm-354c419a5b2541fab73f3cf59555a035-44b2696f.jpg 900w, https:\/\/kingarms.ee\/wp-content\/uploads\/2023\/02\/cyfrowy-monokular-nasadka-noktowizyjna-sytong-ht-66-940-nm-354c419a5b2541fab73f3cf59555a035-44b2696f-300x300.jpg 300w, https:\/\/kingarms.ee\/wp-content\/uploads\/2023\/02\/cyfrowy-monokular-nasadka-noktowizyjna-sytong-ht-66-940-nm-354c419a5b2541fab73f3cf59555a035-44b2696f-150x150.jpg 150w, https:\/\/kingarms.ee\/wp-content\/uploads\/2023\/02\/cyfrowy-monokular-nasadka-noktowizyjna-sytong-ht-66-940-nm-354c419a5b2541fab73f3cf59555a035-44b2696f-768x768.jpg 768w, https:\/\/kingarms.ee\/wp-content\/uploads\/2023\/02\/cyfrowy-monokular-nasadka-noktowizyjna-sytong-ht-66-940-nm-354c419a5b2541fab73f3cf59555a035-44b2696f-500x500.jpg 500w\" sizes=\"auto, (max-width: 900px) 100vw, 900px\" \/><\/p>\n","protected":false},"excerpt":{"rendered":"<p>Naktinis steb\u0117jimo \u012frenginys-Sytelong HT-66 940 nm<\/p>\n<p>IR aptikimo diapazonas: iki 200m<br \/>\nintegruotas ir \u0161viestuvas 5V 940nm<br \/>\n3 b\u016bdai nustatyti ap\u0161vietimo gali\u0105<br \/>\ndidinimas: 4-14 kart\u0173<\/p>\n<p>leid\u017eia \u012fra\u0161yti vaizdo \u012fra\u0161\u0105 1920h1080 rai\u0161ka<br \/>\nfotografavimo rezoliucija 2680h1944<br \/>\nOLED ekranas<br \/>\nbaterijos veikimo laikas: iki 8 valand\u0173<br \/>\nlabai kompakti\u0161kas matmenys 120h47h97mm<br \/>\nsvoris: 250g<br \/>\ngarantija: 1 metai<\/p>\n<p>Optikos atspindys i\u0161bandomas iki 6000j.<\/p>\n<p>Pridedamas 45 mm adapteris, \u012fkroviklis ir laidas.<\/p>\n","protected":false},"featured_media":127221,"template":"","meta":{"_acf_changed":false},"product_brand":[],"product_cat":[1176],"product_tag":[],"class_list":{"0":"post-151099","1":"product","2":"type-product","3":"status-publish","4":"has-post-thumbnail","6":"product_cat-naktinio-matymo-iranga","8":"first","9":"instock","10":"taxable","11":"shipping-taxable","12":"purchasable","13":"product-type-simple"},"acf":[],"_links":{"self":[{"href":"https:\/\/kingarms.ee\/lt\/wp-json\/wp\/v2\/product\/151099","targetHints":{"allow":["GET"]}}],"collection":[{"href":"https:\/\/kingarms.ee\/lt\/wp-json\/wp\/v2\/product"}],"about":[{"href":"https:\/\/kingarms.ee\/lt\/wp-json\/wp\/v2\/types\/product"}],"wp:featuredmedia":[{"embeddable":true,"href":"https:\/\/kingarms.ee\/lt\/wp-json\/wp\/v2\/media\/127221"}],"wp:attachment":[{"href":"https:\/\/kingarms.ee\/lt\/wp-json\/wp\/v2\/media?parent=151099"}],"wp:term":[{"taxonomy":"product_brand","embeddable":true,"href":"https:\/\/kingarms.ee\/lt\/wp-json\/wp\/v2\/product_brand?post=151099"},{"taxonomy":"product_cat","embeddable":true,"href":"https:\/\/kingarms.ee\/lt\/wp-json\/wp\/v2\/product_cat?post=151099"},{"taxonomy":"product_tag","embeddable":true,"href":"https:\/\/kingarms.ee\/lt\/wp-json\/wp\/v2\/product_tag?post=151099"}],"curies":[{"name":"wp","href":"https:\/\/api.w.org\/{rel}","templated":true}]}}