{"id":151100,"date":"2023-02-09T13:58:54","date_gmt":"2025-06-20T12:30:32","guid":{"rendered":"https:\/\/kingarms.ee\/product\/ak47-isleidimo-valdymas-greitai-pritvirtinus-utg\/"},"modified":"2025-06-20T15:30:32","modified_gmt":"2025-06-20T12:30:32","slug":"ak47-isleidimo-valdymas-greitai-pritvirtinus-utg","status":"publish","type":"product","link":"https:\/\/kingarms.ee\/lt\/product\/ak47-isleidimo-valdymas-greitai-pritvirtinus-utg\/","title":{"rendered":"\u201eAK47\u201c i\u0161leidimo valdymas &#8211; greitai pritvirtinus (UTG)"},"content":{"rendered":"<p><img loading=\"lazy\" decoding=\"async\" class=\"alignnone size-full wp-image-74444\" src=\"https:\/\/kingarms.ee\/wp-content\/uploads\/2023\/02\/71m2S4gtj9L._AC_UF10001000_QL80_.jpg\" alt=\"\" width=\"1000\" height=\"707\" srcset=\"https:\/\/kingarms.ee\/wp-content\/uploads\/2023\/02\/71m2S4gtj9L._AC_UF10001000_QL80_.jpg 1000w, https:\/\/kingarms.ee\/wp-content\/uploads\/2023\/02\/71m2S4gtj9L._AC_UF10001000_QL80_-300x212.jpg 300w, https:\/\/kingarms.ee\/wp-content\/uploads\/2023\/02\/71m2S4gtj9L._AC_UF10001000_QL80_-768x543.jpg 768w, https:\/\/kingarms.ee\/wp-content\/uploads\/2023\/02\/71m2S4gtj9L._AC_UF10001000_QL80_-500x354.jpg 500w, https:\/\/kingarms.ee\/wp-content\/uploads\/2023\/02\/71m2S4gtj9L._AC_UF10001000_QL80_-150x106.jpg 150w\" sizes=\"auto, (max-width: 1000px) 100vw, 1000px\" \/><\/p>\n","protected":false},"excerpt":{"rendered":"<p><strong>AK47 arm fastener-fastener (UTG)<\/p>\n<p><\/strong><br \/>\nAK47 arm fastener-fastener (UTG)<br \/>\nI\u0161did\u017eiai sukurta ir Pagaminta JAV<br \/>\nTinka daugumai AK ir variant\u0173 su \u0161oniniu st\u016bmimo autobusu<br \/>\nErgonomi\u0161ka svirtis su visi\u0161ku reguliavimu ir greitu u\u017eraktu \/ atleidimu<br \/>\nVir\u0161uje \u010dia yra 16 lizd\u0173 lanks\u010diai optikai pritaikyti<br \/>\n\u0160oninis b\u0117gis su nuimamu 6 lizd\u0173 Picatinny autobusu<br \/>Vir\u0161utinis U formos pj\u016bvis su gele\u017einiais taikikliais skaidriam pritaikymui<br \/>Puikus b\u016bdas i\u0161laikyti nul\u012f ir i\u0161 naujo nustatyti<br \/><strong> <\/strong><\/p>\n","protected":false},"featured_media":134397,"template":"","meta":{"_acf_changed":false},"product_brand":[],"product_cat":[1169],"product_tag":[],"class_list":{"0":"post-151100","1":"product","2":"type-product","3":"status-publish","4":"has-post-thumbnail","6":"product_cat-tvirtinimo-elementai","8":"first","9":"onbackorder","10":"taxable","11":"shipping-taxable","12":"product-type-simple"},"acf":[],"_links":{"self":[{"href":"https:\/\/kingarms.ee\/lt\/wp-json\/wp\/v2\/product\/151100","targetHints":{"allow":["GET"]}}],"collection":[{"href":"https:\/\/kingarms.ee\/lt\/wp-json\/wp\/v2\/product"}],"about":[{"href":"https:\/\/kingarms.ee\/lt\/wp-json\/wp\/v2\/types\/product"}],"wp:featuredmedia":[{"embeddable":true,"href":"https:\/\/kingarms.ee\/lt\/wp-json\/wp\/v2\/media\/134397"}],"wp:attachment":[{"href":"https:\/\/kingarms.ee\/lt\/wp-json\/wp\/v2\/media?parent=151100"}],"wp:term":[{"taxonomy":"product_brand","embeddable":true,"href":"https:\/\/kingarms.ee\/lt\/wp-json\/wp\/v2\/product_brand?post=151100"},{"taxonomy":"product_cat","embeddable":true,"href":"https:\/\/kingarms.ee\/lt\/wp-json\/wp\/v2\/product_cat?post=151100"},{"taxonomy":"product_tag","embeddable":true,"href":"https:\/\/kingarms.ee\/lt\/wp-json\/wp\/v2\/product_tag?post=151100"}],"curies":[{"name":"wp","href":"https:\/\/api.w.org\/{rel}","templated":true}]}}