{"id":151102,"date":"2023-02-08T19:28:56","date_gmt":"2025-06-20T12:30:59","guid":{"rendered":"https:\/\/kingarms.ee\/product\/kanojos-valties-sviesos-rinkinys-angelas-sargas\/"},"modified":"2025-06-20T15:30:59","modified_gmt":"2025-06-20T12:30:59","slug":"kanojos-valties-sviesos-rinkinys-angelas-sargas","status":"publish","type":"product","link":"https:\/\/kingarms.ee\/lt\/product\/kanojos-valties-sviesos-rinkinys-angelas-sargas\/","title":{"rendered":"Kanojos\/valties \u0161viesos rinkinys (angelas sargas)"},"content":{"rendered":"<p><img loading=\"lazy\" decoding=\"async\" class=\"alignnone size-full wp-image-74335\" src=\"https:\/\/kingarms.ee\/wp-content\/uploads\/2023\/02\/2022_05_01_ELTKayakKit_1-scaled-1.jpg\" alt=\"\" width=\"2560\" height=\"2560\" srcset=\"https:\/\/kingarms.ee\/wp-content\/uploads\/2023\/02\/2022_05_01_ELTKayakKit_1-scaled-1.jpg 2560w, https:\/\/kingarms.ee\/wp-content\/uploads\/2023\/02\/2022_05_01_ELTKayakKit_1-scaled-1-300x300.jpg 300w, https:\/\/kingarms.ee\/wp-content\/uploads\/2023\/02\/2022_05_01_ELTKayakKit_1-scaled-1-1024x1024.jpg 1024w, https:\/\/kingarms.ee\/wp-content\/uploads\/2023\/02\/2022_05_01_ELTKayakKit_1-scaled-1-150x150.jpg 150w, https:\/\/kingarms.ee\/wp-content\/uploads\/2023\/02\/2022_05_01_ELTKayakKit_1-scaled-1-768x768.jpg 768w, https:\/\/kingarms.ee\/wp-content\/uploads\/2023\/02\/2022_05_01_ELTKayakKit_1-scaled-1-1536x1536.jpg 1536w, https:\/\/kingarms.ee\/wp-content\/uploads\/2023\/02\/2022_05_01_ELTKayakKit_1-scaled-1-2048x2048.jpg 2048w, https:\/\/kingarms.ee\/wp-content\/uploads\/2023\/02\/2022_05_01_ELTKayakKit_1-scaled-1-500x500.jpg 500w\" sizes=\"auto, (max-width: 2560px) 100vw, 2560px\" \/><\/p>\n","protected":false},"excerpt":{"rendered":"<p><strong>Kanojos\/valties \u0161viesos rinkinys (angelas sargas)<\/strong><\/p>\n<p>Puiki dovana-viskas, ko reikia kartu pritvirtinti prie supakuotos kanojos<br \/>\n2-mikro serijos \u012franga-raudona \/ \u017ealia laivapriekio navigacijos lemput\u0117 ir balta \/ balta laivagalio lemput\u0117. Abu su u\u017eprogramuotais navigacijos nustatymais<br \/>\n2 tvirtinimai-nemetaliniai klijai ir sraigtinis tvirtinimo elementas<br \/>\nDviej\u0173 \u012frengini\u0173 kaklarai\u0161\u010diai &#8211; nereikia jaudintis d\u0117l \u012frangos praradimo<br \/>\n\u012ekraunama \u012fmontuota baterija-naudojamas A tipo USB \u012fkrovimo laidas (parduodamas atskirai)<br \/>\nBaterijos veikimo laikas 150 valand\u0173. \u012ekrovimo laikas yra 90 minu\u010di\u0173.  <\/p>\n","protected":false},"featured_media":127120,"template":"","meta":{"_acf_changed":false},"product_brand":[],"product_cat":[1157],"product_tag":[],"class_list":{"0":"post-151102","1":"product","2":"type-product","3":"status-publish","4":"has-post-thumbnail","6":"product_cat-policija-kariuomene","8":"first","9":"instock","10":"taxable","11":"shipping-taxable","12":"purchasable","13":"product-type-simple"},"acf":[],"_links":{"self":[{"href":"https:\/\/kingarms.ee\/lt\/wp-json\/wp\/v2\/product\/151102","targetHints":{"allow":["GET"]}}],"collection":[{"href":"https:\/\/kingarms.ee\/lt\/wp-json\/wp\/v2\/product"}],"about":[{"href":"https:\/\/kingarms.ee\/lt\/wp-json\/wp\/v2\/types\/product"}],"wp:featuredmedia":[{"embeddable":true,"href":"https:\/\/kingarms.ee\/lt\/wp-json\/wp\/v2\/media\/127120"}],"wp:attachment":[{"href":"https:\/\/kingarms.ee\/lt\/wp-json\/wp\/v2\/media?parent=151102"}],"wp:term":[{"taxonomy":"product_brand","embeddable":true,"href":"https:\/\/kingarms.ee\/lt\/wp-json\/wp\/v2\/product_brand?post=151102"},{"taxonomy":"product_cat","embeddable":true,"href":"https:\/\/kingarms.ee\/lt\/wp-json\/wp\/v2\/product_cat?post=151102"},{"taxonomy":"product_tag","embeddable":true,"href":"https:\/\/kingarms.ee\/lt\/wp-json\/wp\/v2\/product_tag?post=151102"}],"curies":[{"name":"wp","href":"https:\/\/api.w.org\/{rel}","templated":true}]}}