{"id":151106,"date":"2023-05-24T14:59:47","date_gmt":"2025-06-20T13:02:57","guid":{"rendered":"https:\/\/kingarms.ee\/product\/takas-kamera-dl001-takas-kamera\/"},"modified":"2025-06-20T16:02:57","modified_gmt":"2025-06-20T13:02:57","slug":"takas-kamera-dl001-takas-kamera","status":"publish","type":"product","link":"https:\/\/kingarms.ee\/lt\/product\/takas-kamera-dl001-takas-kamera\/","title":{"rendered":"Takas kamera DL001 (takas kamera)"},"content":{"rendered":"","protected":false},"excerpt":{"rendered":"<p>Takas kamera DL001 (takas kamera)<\/p>\n<p><span style=\"font-weight: 400;\">Auk\u0161tos kokyb\u0117s 16 MP vaizdo rai\u0161ka ir Full HD 1080p vaizdo \u012fra\u0161ai<\/span><\/p>\n<p><span style=\"font-weight: 400;\">Pasirenkama vaizdo skiriamoji geba: 16MP \/ 12MP \/ 8MP \/ 5MP \/ 3MP \/ 1.3 Mp<\/span><\/p>\n<p><span style=\"font-weight: 400;\">Ilgas aptikimo ir ap\u0161vietimo diapazonas iki 10 metr\u0173 90 laipsni\u0173 kampu<\/span><\/p>\n<p><span style=\"font-weight: 400;\">2.0 TFT built-in \u017ei\u016brovas, gali atkurti nuotraukas ir vaizdo \u012fra\u0161us<\/span><\/p>\n<p><span style=\"font-weight: 400;\">Greitas prad\u017eios laikas: 0,8 sek<\/span><\/p>\n<p><span style=\"font-weight: 400;\">Paleidimo intervalas: 5 sek-60 min<\/span><\/p>\n<p><span style=\"font-weight: 400;\">Nuotrauk\u0173 serija: nuo 1 iki 9<\/span><\/p>\n<p><span style=\"font-weight: 400;\">Vaizdo rai\u0161ka:<\/span><\/p>\n<p><span style=\"font-weight: 400;\">1080P:1920h1080 pikseli\u0173 (16: 9), 15 kadr\u0173 per sekund\u0119 (numatytasis)<\/span><\/p>\n<p><span style=\"font-weight: 400;\">720P: 1280h720 pikseli\u0173 (16: 9), 30 kadr\u0173 per sekund\u0119<\/span><\/p>\n<p><span style=\"font-weight: 400;\">480P: 848h480 pikseli\u0173, 30 kadr\u0173 per sekund\u0119<\/span><\/p>\n<p><span style=\"font-weight: 400;\">640h480 pikseli\u0173 (3: 2), 30 kadr\u0173 per sekund\u0119<\/span><\/p>\n<p><span style=\"font-weight: 400;\">Lengva pritvirtinti dir\u017eu \/ kabeliu<\/span><\/p>\n<p><span style=\"font-weight: 400;\">Labai ma\u017ea bud\u0117jimo srov\u0117 ( 0,2 mA )&lt;<\/span><\/p>\n<p><span style=\"font-weight: 400;\">Maitinimo \u0161altinis: 8vnt AA baterija (nepridedama)<\/span><\/p>\n<p><span style=\"font-weight: 400;\">Parama Micro SD kortel\u0117s iki 32 GB (ne\u012ftraukta)<\/span><\/p>\n<p><span style=\"font-weight: 400;\">Atsparus vandeniui su IP66 standartu<\/span><\/p>\n","protected":false},"featured_media":129224,"template":"","meta":{"_acf_changed":false},"product_brand":[],"product_cat":[1176],"product_tag":[],"class_list":{"0":"post-151106","1":"product","2":"type-product","3":"status-publish","4":"has-post-thumbnail","6":"product_cat-naktinio-matymo-iranga","8":"first","9":"instock","10":"taxable","11":"shipping-taxable","12":"purchasable","13":"product-type-simple"},"acf":[],"_links":{"self":[{"href":"https:\/\/kingarms.ee\/lt\/wp-json\/wp\/v2\/product\/151106","targetHints":{"allow":["GET"]}}],"collection":[{"href":"https:\/\/kingarms.ee\/lt\/wp-json\/wp\/v2\/product"}],"about":[{"href":"https:\/\/kingarms.ee\/lt\/wp-json\/wp\/v2\/types\/product"}],"wp:featuredmedia":[{"embeddable":true,"href":"https:\/\/kingarms.ee\/lt\/wp-json\/wp\/v2\/media\/129224"}],"wp:attachment":[{"href":"https:\/\/kingarms.ee\/lt\/wp-json\/wp\/v2\/media?parent=151106"}],"wp:term":[{"taxonomy":"product_brand","embeddable":true,"href":"https:\/\/kingarms.ee\/lt\/wp-json\/wp\/v2\/product_brand?post=151106"},{"taxonomy":"product_cat","embeddable":true,"href":"https:\/\/kingarms.ee\/lt\/wp-json\/wp\/v2\/product_cat?post=151106"},{"taxonomy":"product_tag","embeddable":true,"href":"https:\/\/kingarms.ee\/lt\/wp-json\/wp\/v2\/product_tag?post=151106"}],"curies":[{"name":"wp","href":"https:\/\/api.w.org\/{rel}","templated":true}]}}