{"id":151119,"date":"2023-01-19T12:36:59","date_gmt":"2025-06-20T14:34:45","guid":{"rendered":"https:\/\/kingarms.ee\/product\/visu-spalvu-mikroserijos-angelas-sargas\/"},"modified":"2025-06-20T17:34:45","modified_gmt":"2025-06-20T14:34:45","slug":"visu-spalvu-mikroserijos-angelas-sargas","status":"publish","type":"product","link":"https:\/\/kingarms.ee\/lt\/product\/visu-spalvu-mikroserijos-angelas-sargas\/","title":{"rendered":"Vis\u0173 spalv\u0173 Mikroserijos (Angelas Sargas)"},"content":{"rendered":"<p><img loading=\"lazy\" decoding=\"async\" class=\"alignnone size-full wp-image-73750\" src=\"https:\/\/kingarms.ee\/wp-content\/uploads\/2023\/01\/15873__c26dba_b.jpg\" alt=\"\" width=\"873\" height=\"1000\" srcset=\"https:\/\/kingarms.ee\/wp-content\/uploads\/2023\/01\/15873__c26dba_b.jpg 873w, https:\/\/kingarms.ee\/wp-content\/uploads\/2023\/01\/15873__c26dba_b-262x300.jpg 262w, https:\/\/kingarms.ee\/wp-content\/uploads\/2023\/01\/15873__c26dba_b-768x880.jpg 768w, https:\/\/kingarms.ee\/wp-content\/uploads\/2023\/01\/15873__c26dba_b-500x573.jpg 500w, https:\/\/kingarms.ee\/wp-content\/uploads\/2023\/01\/15873__c26dba_b-150x172.jpg 150w\" sizes=\"auto, (max-width: 873px) 100vw, 873px\" \/><\/p>\n","protected":false},"excerpt":{"rendered":"<p>Pagrindin, Kad Asmenin\u0117 \u017daibo Technologas DARO Pasaul\u012f Sauugesjant Angel\u0173 \u201eGuardian\u201c. Mus\u0173 Misija Yra ISGEB\u0117TI GYVYBES PLOTOYANT Novatori\u0161kus, AkTHO Technologios Pagrijos MS Lauke. <\/p>\n<p>&nbsp;<\/p>\n<p>Guardian Angel on standardselt varustatud patenteeritud magnetilise kinnituss\u00fcsteemiga, mis sisaldab nii sisseehitatud neod\u00fc\u00fcmse haruldaste muldmetallide magnetit kui ka vastavat haruldaste muldmetallide magnetkinnitust. Nende kahe magneti vahel tekkinud side avaldab kokkupuutel muljetavaldavat 9 kg magnetilist j\u00f5udu. See uuenduslik s\u00fcsteem v\u00f5imaldab Guardian Angel&#8217;i paigaldada peaaegu k\u00f5igele.  <\/p>\n<p>&nbsp;<\/p>\n<p>KIEKVIEN\u0104 KART\u0104 PASIRUO\u0160\u0118!<\/p>\n<p>Visa tai &#8211; vienos dienos darbas. Angelas sargas yra prakti\u0161kai nesunaikinamas bet kur ir bet kada, tod\u0117l u\u017etikrina ilgalaik\u012f saugum\u0105. Pasitik\u0117kite, kad Angelas sargas yra pasiruo\u0161\u0119s b\u016bti su jumis kas valand\u0105, kas pamain\u0105. Kiekvienas prietaisas yra patikimas palydovas, kuris padeda b\u016bti matomam, ap\u0161vie\u010dia keli\u0105 ir saugiai parveda namo.<\/p>\n<p>&nbsp;<\/p>\n<p>SUKURTA, KAD TARNAUT\u0172 ILGAI &#8211; TAIP, BAND\u0116ME J\u0104 SUSKAIDYTI<\/p>\n<p>IP68 reitingas, patvarus, atsparus sm\u016bgiams, vandeniui ir dulk\u0117ms, atlaikantis ekstremalias darbo ir oro s\u0105lygas. Atliktas kritimo i\u0161 152 metr\u0173 auk\u0161\u010dio bandymas ir vis dar veikia nepriekai\u0161tingai.<\/p>\n<p>&nbsp;<\/p>\n<p>ATKREIPKITE D\u0116MES\u012e: \u0160IS PRIETAISAS NESKLEID\u017dIA MATOMOS \u0160VIESOS,O TIK INFRARAUDON\u0172J\u0172 SPINDULI\u0172. GALIMA PAMATYTI TIK SU NAKTINIU MATYMU <\/p>\n<p>Super \u0161viesa &#8211; apie 2 uncijos \/ 56,70 g<br \/>\nPatvarus-atsparus vandeniui, dulk\u0117ms, sm\u016bgiams<br \/>\nIlgo nuotolio matomumas-\u012fvertintas iki 3 + myli\u0173 matomumas naudojant didel\u0117s galios \u0161viesos diodus, 360. ap\u0161vietimas<br \/>\nKeturi skirtingi ry\u0161kumo nustatymai-\u017eemas, vidutinis, auk\u0161tas ir maks<br \/>\nEkstremalus baterijos veikimo laikas-\u012fkraunama li\u010dio jon\u0173 baterija, kurioje naudojamas C tipo \u012fkrovimo laidas (pridedamas). \u012ekrovimo laikas ma\u017eiau nei 2 valandos.<br \/>\nIntegruota magnetinio tvirtinimo sistema-\u012fmontuotas neodimio magnetas ir atitinkamas magnetinis spaustukas (pridedamas) tvirtinamas prie beveik bet kokio pavir\u0161iaus.<br \/>\nNuolat \u012fjungtas arba mirksintis ra\u0161tas-abiejose pus\u0117se yra nuolatiniai \u012fjungimo arba mirks\u0117jimo Nustatymai.<br \/>\nBaterijos veikimo laiko indikatorius &#8211; greitai laikant mygtuk\u0105, rodomas lik\u0119s baterijos veikimo laikas lengvai skaitomame LED indikatoriuje.<br \/>\nNepriklausomi \u0161viesos valdikliai &#8211; 4 skirtingi \u0161viesos valdikliai u\u017etikrina maksimal\u0173 ap\u0161vietimo universalum\u0105, \u012fskaitant mirksin\u010di\u0105 avarin\u0119 situacij\u0105<br \/>\nSOS blykst\u0117s re\u017eimas &#8211; laikydami nuspaud\u0119 greit\u0105j\u012f mygtuk\u0105, \u012frenginys nustatomas \u012f SOS blykst\u0117s re\u017eim\u0105.<br \/>\nPriedai-suderinami su visais Angelo Sargo aksesuarais<br \/>\n\u012erenginio leidimas-GA mikro serija,<br \/>\n\u0160viesos diod\u0173 skai\u010dius-11<br \/>\nDydis-5,05-4,37 &#8211; 1,73 cm <\/p>\n","protected":false},"featured_media":132476,"template":"","meta":{"_acf_changed":false},"product_brand":[],"product_cat":[1157],"product_tag":[],"class_list":{"0":"post-151119","1":"product","2":"type-product","3":"status-publish","4":"has-post-thumbnail","6":"product_cat-policija-kariuomene","8":"first","9":"instock","10":"taxable","11":"shipping-taxable","12":"purchasable","13":"product-type-simple"},"acf":[],"_links":{"self":[{"href":"https:\/\/kingarms.ee\/lt\/wp-json\/wp\/v2\/product\/151119","targetHints":{"allow":["GET"]}}],"collection":[{"href":"https:\/\/kingarms.ee\/lt\/wp-json\/wp\/v2\/product"}],"about":[{"href":"https:\/\/kingarms.ee\/lt\/wp-json\/wp\/v2\/types\/product"}],"wp:featuredmedia":[{"embeddable":true,"href":"https:\/\/kingarms.ee\/lt\/wp-json\/wp\/v2\/media\/132476"}],"wp:attachment":[{"href":"https:\/\/kingarms.ee\/lt\/wp-json\/wp\/v2\/media?parent=151119"}],"wp:term":[{"taxonomy":"product_brand","embeddable":true,"href":"https:\/\/kingarms.ee\/lt\/wp-json\/wp\/v2\/product_brand?post=151119"},{"taxonomy":"product_cat","embeddable":true,"href":"https:\/\/kingarms.ee\/lt\/wp-json\/wp\/v2\/product_cat?post=151119"},{"taxonomy":"product_tag","embeddable":true,"href":"https:\/\/kingarms.ee\/lt\/wp-json\/wp\/v2\/product_tag?post=151119"}],"curies":[{"name":"wp","href":"https:\/\/api.w.org\/{rel}","templated":true}]}}