{"id":151120,"date":"2022-12-20T19:24:56","date_gmt":"2025-06-20T14:56:09","guid":{"rendered":"https:\/\/kingarms.ee\/product\/balistinis-salmas-nij-3a-lygis\/"},"modified":"2025-06-20T17:56:09","modified_gmt":"2025-06-20T14:56:09","slug":"balistinis-salmas-nij-3a-lygis","status":"publish","type":"product","link":"https:\/\/kingarms.ee\/lt\/product\/balistinis-salmas-nij-3a-lygis\/","title":{"rendered":"Balistinis \u0161almas-NIJ 3a lygis"},"content":{"rendered":"<p><img loading=\"lazy\" decoding=\"async\" class=\"alignnone size-full wp-image-69719\" src=\"https:\/\/kingarms.ee\/wp-content\/uploads\/2022\/12\/6f82d5512f21c8d2563792c8374d53ad_600x-1.png\" alt=\"\" width=\"600\" height=\"600\" srcset=\"https:\/\/kingarms.ee\/wp-content\/uploads\/2022\/12\/6f82d5512f21c8d2563792c8374d53ad_600x-1.png 600w, https:\/\/kingarms.ee\/wp-content\/uploads\/2022\/12\/6f82d5512f21c8d2563792c8374d53ad_600x-1-300x300.png 300w, https:\/\/kingarms.ee\/wp-content\/uploads\/2022\/12\/6f82d5512f21c8d2563792c8374d53ad_600x-1-150x150.png 150w, https:\/\/kingarms.ee\/wp-content\/uploads\/2022\/12\/6f82d5512f21c8d2563792c8374d53ad_600x-1-500x500.png 500w\" sizes=\"auto, (max-width: 600px) 100vw, 600px\" \/><\/p>\n","protected":false},"excerpt":{"rendered":"<p><strong>Balistinis \u0161almas-NIJ 3a lygis<\/strong><\/p>\n<p>NVG drobul\u0117<br \/>\n\u0160oniniai b\u0117giai<br \/>\nVelcro pleistrai<br \/>\n7-pagalv\u0117li\u0173 komforto \u012fd\u0117klas<br \/>\nSvoris 1,55 kg<br \/>\nNIJ IIIA lygis 0106.01<br \/>\n9 mm 124 gr FMJ<br \/>\n44 MAG 240 gr LSVC<br \/>\nSlopinimas, 9mm, 44 MAG-PASS<br \/>\n9mm 124 gr FMJ BFS &lt; 16mm<br \/>\nFragmentacija V50 pagal reikalavimus<br \/>\nMIL-Std-662F \/ STANAG 2920<br \/>\n17 gr FSP = 720 metr\u0173 \/ ps<br \/>\n16 gr RCC = 732 metrai \/ ps<br \/>\n4 gr RCC = 950 metr\u0173 \/ ps<br \/>\n2 gr RCC = 1267 metrai \/ ps<br \/>\n64 gr RCC = 553 metrai \/ ps<br \/>\nEn966 sertifikatas (paruo\u0161tas ore)<br \/>\nSm\u016bgio absorbcija i\u0161bandyta pagal EN397<br \/>\nAr \/ PD10-02 REV. A2012 \/ CO \/ PD-05-04: 2207 @ 3 meetrit\/ps<br \/>\nDydis M \/ L<\/p>\n","protected":false},"featured_media":126077,"template":"","meta":{"_acf_changed":false},"product_brand":[],"product_cat":[1223,1239],"product_tag":[],"class_list":{"0":"post-151120","1":"product","2":"type-product","3":"status-publish","4":"has-post-thumbnail","6":"product_cat-ballistic-lt","7":"product_cat-iranga-lt","9":"first","10":"onbackorder","11":"taxable","12":"shipping-taxable","13":"product-type-simple"},"acf":[],"_links":{"self":[{"href":"https:\/\/kingarms.ee\/lt\/wp-json\/wp\/v2\/product\/151120","targetHints":{"allow":["GET"]}}],"collection":[{"href":"https:\/\/kingarms.ee\/lt\/wp-json\/wp\/v2\/product"}],"about":[{"href":"https:\/\/kingarms.ee\/lt\/wp-json\/wp\/v2\/types\/product"}],"wp:featuredmedia":[{"embeddable":true,"href":"https:\/\/kingarms.ee\/lt\/wp-json\/wp\/v2\/media\/126077"}],"wp:attachment":[{"href":"https:\/\/kingarms.ee\/lt\/wp-json\/wp\/v2\/media?parent=151120"}],"wp:term":[{"taxonomy":"product_brand","embeddable":true,"href":"https:\/\/kingarms.ee\/lt\/wp-json\/wp\/v2\/product_brand?post=151120"},{"taxonomy":"product_cat","embeddable":true,"href":"https:\/\/kingarms.ee\/lt\/wp-json\/wp\/v2\/product_cat?post=151120"},{"taxonomy":"product_tag","embeddable":true,"href":"https:\/\/kingarms.ee\/lt\/wp-json\/wp\/v2\/product_tag?post=151120"}],"curies":[{"name":"wp","href":"https:\/\/api.w.org\/{rel}","templated":true}]}}