{"id":151122,"date":"2023-01-06T16:22:14","date_gmt":"2025-06-20T14:58:27","guid":{"rendered":"https:\/\/kingarms.ee\/product\/gl19r-pistoleto-lempute-fenix\/"},"modified":"2025-06-20T17:58:27","modified_gmt":"2025-06-20T14:58:27","slug":"gl19r-pistoleto-lempute-fenix","status":"publish","type":"product","link":"https:\/\/kingarms.ee\/lt\/product\/gl19r-pistoleto-lempute-fenix\/","title":{"rendered":"GL19R pistoleto lemput\u0117 (\u201eFenix\u201c)"},"content":{"rendered":"<p><img loading=\"lazy\" decoding=\"async\" class=\"alignnone size-full wp-image-70814\" src=\"https:\/\/kingarms.ee\/wp-content\/uploads\/2023\/01\/1-2.jpg\" alt=\"\" width=\"850\" height=\"850\" srcset=\"https:\/\/kingarms.ee\/wp-content\/uploads\/2023\/01\/1-2.jpg 850w, https:\/\/kingarms.ee\/wp-content\/uploads\/2023\/01\/1-2-300x300.jpg 300w, https:\/\/kingarms.ee\/wp-content\/uploads\/2023\/01\/1-2-150x150.jpg 150w, https:\/\/kingarms.ee\/wp-content\/uploads\/2023\/01\/1-2-768x768.jpg 768w, https:\/\/kingarms.ee\/wp-content\/uploads\/2023\/01\/1-2-500x500.jpg 500w\" sizes=\"auto, (max-width: 850px) 100vw, 850px\" \/><\/p>\n","protected":false},"excerpt":{"rendered":"<p><strong>GL19R pistoleto lemput\u0117<\/strong><\/p>\n<p>\u201eFenix GL19R\u201c yra unikalus pistoletas ir ginklo lemput\u0117, turinti didel\u0119 maksimali\u0105 \u0161viesos gali\u0105. Akcentuojamas kompakti\u0161kas ir ilgaam\u017ei\u0161kumas. Did\u017eiausia \u201eFenix GL19R\u201c \u0161viesos galia yra 1 200 liumen\u0173, o maksimalus \u0161viesos srautas &#8211; iki 210 metr\u0173. Galimi du \u0161viesos intensyvumas (1200L ir 350Lm) ir STROB re\u017eimas. Per\u0117jimas prie lempos atliekamas lempos gale prie gaiduko gaiduko arba kopijos jungiklio \u012f pried\u0173 jungikl\u012f, AER-06S. Lemp\u0105 galima perjungti \u012f abu nuolatin\u012f darb\u0105 ir naudoti tik momentiniam ap\u0161vietimui (lemput\u0117 veikia tik laikant jungikl\u012f). \u201eGL19R\u201c prie ginklo pritvirtinamas greitu pritvirtinimu ir apima montavimo plok\u0161teles, tod\u0117l lemput\u0117 tilpo tiek \u012f \u201ePicatinny\u201c, tiek \u201eGlock\u201c standartines tvirtinimo detales. \u201eFenix GL19R\u201c korpusas yra pagamintas i\u0161 stipraus aliuminio lydinio ir padengtas III tipo anodavimu. Maitinimo \u0161altinis yra standartinis 18350 m. Li-jon\u0173 akumuliatorius, \u012f kur\u012f \u201eFenix\u201c prid\u0117jo papildom\u0105 apsaugin\u012f modul\u012f nuo per didelio \u012fkrovimo, nepakankamai \u012fkaitinan\u010dio, perkaitinan\u010dio, viaduko ir trumpo ry\u0161io. Nereikia pa\u0161alinti akumuliatoriaus i\u0161 lempos, kad gal\u0117tum\u0117te \u012fkrauti. Lempoje yra standartinis integruotas USB-C \u012fkrovimo prievadas, skirtas tiesioginiam \u012fkrovimui. Per t\u0105 pat\u012f prievad\u0105 taip pat galima valdyti lemp\u0105 su atstumo jungikliu, naudojant \u201eFenix AER-06\u201c atstumo jungt\u012f, kuri\u0105 galima \u012fsigyti kaip priedus. Maitinimo maitinimo \u0161altinio lyg\u012f galima patikrinti naudojant lempos integruoto maitinimo lygio indikatori\u0173. Tas pats indikatorius taip pat veikia kaip lempos pakrovimo proceso rodiklis. \u201eFenix GL19R\u201c i\u0161bandomas vandeniui atspari lempa su saugos klas\u0117s IP68 2M. Pristatytas kaip visas rinkinys, kuriame, be \u201eLamp Fenix 1100mAh Li-Ion\u201c akumuliatoriaus, USB-C \u012fkrovimo laido, montavimo plok\u0161t\u0117s, skirtos suderinti \u201eGlock\u201c ir \u201ePicatinny\u201c, atsargin\u012f \u017eiedin\u012f sandarikl\u012f ir rankin\u012f. AER-06S Distancijos jungiklis yra atskirai.                <\/p>\n<p><strong>T\u00e4helepanu!<\/strong> Fenx GL19R sobitub enamike standardsuuruses p\u00fcstolitega, millel on Glock&#8217;i v\u00f5i MIL-STD-1913 (Picatinny) standardkinnitus. Fenix GL19R ei sobi Sig Sauer P226-ga. Fenix GL19R sobib vaid v\u00e4heste kompaktp\u00fcstolite nagu n\u00e4iteks Glock36\/Springfield DX standardkinnitustega. Fenix GL19R ei sobi kompaktp\u00fcstolitega, millel on l\u00fchike kinnitusrelss v\u00f5i millel \u00fcldse puudub kinnitusrelss.   <\/p>\n","protected":false},"featured_media":126204,"template":"","meta":{"_acf_changed":false},"product_brand":[],"product_cat":[1173],"product_tag":[],"class_list":{"0":"post-151122","1":"product","2":"type-product","3":"status-publish","4":"has-post-thumbnail","6":"product_cat-zibintuvelis","8":"first","9":"onbackorder","10":"taxable","11":"shipping-taxable","12":"product-type-simple"},"acf":[],"_links":{"self":[{"href":"https:\/\/kingarms.ee\/lt\/wp-json\/wp\/v2\/product\/151122","targetHints":{"allow":["GET"]}}],"collection":[{"href":"https:\/\/kingarms.ee\/lt\/wp-json\/wp\/v2\/product"}],"about":[{"href":"https:\/\/kingarms.ee\/lt\/wp-json\/wp\/v2\/types\/product"}],"wp:featuredmedia":[{"embeddable":true,"href":"https:\/\/kingarms.ee\/lt\/wp-json\/wp\/v2\/media\/126204"}],"wp:attachment":[{"href":"https:\/\/kingarms.ee\/lt\/wp-json\/wp\/v2\/media?parent=151122"}],"wp:term":[{"taxonomy":"product_brand","embeddable":true,"href":"https:\/\/kingarms.ee\/lt\/wp-json\/wp\/v2\/product_brand?post=151122"},{"taxonomy":"product_cat","embeddable":true,"href":"https:\/\/kingarms.ee\/lt\/wp-json\/wp\/v2\/product_cat?post=151122"},{"taxonomy":"product_tag","embeddable":true,"href":"https:\/\/kingarms.ee\/lt\/wp-json\/wp\/v2\/product_tag?post=151122"}],"curies":[{"name":"wp","href":"https:\/\/api.w.org\/{rel}","templated":true}]}}