{"id":151123,"date":"2023-01-06T16:10:30","date_gmt":"2025-06-20T14:59:51","guid":{"rendered":"https:\/\/kingarms.ee\/product\/gl22-pistoleto-lempa-feniksas\/"},"modified":"2025-06-20T17:59:51","modified_gmt":"2025-06-20T14:59:51","slug":"gl22-pistoleto-lempa-feniksas","status":"publish","type":"product","link":"https:\/\/kingarms.ee\/lt\/product\/gl22-pistoleto-lempa-feniksas\/","title":{"rendered":"GL22 pistoleto lempa (Feniksas)"},"content":{"rendered":"<p><img loading=\"lazy\" decoding=\"async\" class=\"alignnone size-full wp-image-70785\" src=\"https:\/\/kingarms.ee\/wp-content\/uploads\/2023\/01\/1-1.jpg\" alt=\"\" width=\"380\" height=\"380\" srcset=\"https:\/\/kingarms.ee\/wp-content\/uploads\/2023\/01\/1-1.jpg 380w, https:\/\/kingarms.ee\/wp-content\/uploads\/2023\/01\/1-1-300x300.jpg 300w, https:\/\/kingarms.ee\/wp-content\/uploads\/2023\/01\/1-1-150x150.jpg 150w\" sizes=\"auto, (max-width: 380px) 100vw, 380px\" \/><\/p>\n","protected":false},"excerpt":{"rendered":"<p>Feniksas GL22 yra itin kompakti\u0161ka pistoleto lempa, kurioje be baltos \u0161viesos yra raudonas lazeris (lazerinis ta\u0161kas). Fenikso GL22 maksimali \u0161viesos j\u0117ga yra 750 liumen\u0173, o maksimalus \u0161viesos srauto diapazonas-iki 180 metr\u0173. Galimas baltos \u0161viesos re\u017eimas, raudono lazerio re\u017eimas ir kombinuotas re\u017eimas, kai abu \u0161viesos \u0161altiniai yra aktyv\u016bs. Be to, stroboskopo funkcija taip pat prieinama baltai \u0161viesai. Lempos perjungimas \u012f veikim\u0105 atliekamas pasikartojan\u010diais jungikliais, nukreiptais \u012f lempos gal\u0105 link ginklo gaiduko. Lemp\u0105 galima perjungti \u012f nuolatin\u012f veikim\u0105 ir naudoti tik momentiniam ap\u0161vietimui (lempa veikia tik tada, kai laikote jungikl\u012f \u017eemyn). GL22 pritvirtinamas prie ginklo stipriu mechaniniu u\u017eraktu ir yra su tvirtinimo plok\u0161t\u0117mis, tod\u0117l lempa suderinama tiek su Picatinny, tiek su glock standartiniais laikikliais. Fenikso GL22 korpusas pagamintas i\u0161 patvaraus aliuminio lydinio ir padengtas III tipo anodavimu. Maitinimo \u0161altiniui tinka standartin\u0117s 16340 li\u010dio jon\u0173 baterijos su dideliu atsparumu apkrovai ir PCB apsaugos mechanizmu (komplekte) bei standartin\u0117s geros kokyb\u0117s CR123A li\u010dio baterijos. Kartu su lempa esanti baterija turi mikro-USB tiesioginio \u012fkrovimo prievad\u0105. Taigi neb\u016btina tur\u0117ti papildomo \u012fkroviklio ar \u012fkrovimo \u012frengini\u0173. Feniksas GL22 turi IP66 apsaugos klas\u0119 ir yra atsparus purvui, pa\u0161aliniam ir stipriam lietui.           <\/p>\n<p><strong>T\u00e4helepanu!<\/strong> Fenksas GL22 tinka daugumai standartinio dyd\u017eio pistolet\u0173 su glock arba MIL-STD-1913 (Picatinny) standartiniu laikikliu. Feniksas GL19R tinka tik keliems kompakti\u0161kiems pistoletams, tokiems kaip glock36 \/ Springfield standartiniai laikikliai. Feniksas GL22 netinka kompakti\u0161kiems ginklams su trumpu tvirtinimo pistoletu arba be tvirtinimo pistoleto. Feniksas GL22 nesuderinamas su Sig Sauer, Taurus F &amp; N, CZ ir Smith&amp;Vesono kompakti\u0161kais modeliais su trumpais arba be RSS.   <\/p>\n","protected":false},"featured_media":126189,"template":"","meta":{"_acf_changed":false},"product_brand":[],"product_cat":[1165,1173],"product_tag":[],"class_list":{"0":"post-151123","1":"product","2":"type-product","3":"status-publish","4":"has-post-thumbnail","6":"product_cat-lazeris","7":"product_cat-zibintuvelis","9":"first","10":"instock","11":"taxable","12":"shipping-taxable","13":"purchasable","14":"product-type-simple"},"acf":[],"_links":{"self":[{"href":"https:\/\/kingarms.ee\/lt\/wp-json\/wp\/v2\/product\/151123","targetHints":{"allow":["GET"]}}],"collection":[{"href":"https:\/\/kingarms.ee\/lt\/wp-json\/wp\/v2\/product"}],"about":[{"href":"https:\/\/kingarms.ee\/lt\/wp-json\/wp\/v2\/types\/product"}],"wp:featuredmedia":[{"embeddable":true,"href":"https:\/\/kingarms.ee\/lt\/wp-json\/wp\/v2\/media\/126189"}],"wp:attachment":[{"href":"https:\/\/kingarms.ee\/lt\/wp-json\/wp\/v2\/media?parent=151123"}],"wp:term":[{"taxonomy":"product_brand","embeddable":true,"href":"https:\/\/kingarms.ee\/lt\/wp-json\/wp\/v2\/product_brand?post=151123"},{"taxonomy":"product_cat","embeddable":true,"href":"https:\/\/kingarms.ee\/lt\/wp-json\/wp\/v2\/product_cat?post=151123"},{"taxonomy":"product_tag","embeddable":true,"href":"https:\/\/kingarms.ee\/lt\/wp-json\/wp\/v2\/product_tag?post=151123"}],"curies":[{"name":"wp","href":"https:\/\/api.w.org\/{rel}","templated":true}]}}