{"id":151125,"date":"2022-12-20T18:40:46","date_gmt":"2025-06-20T15:04:05","guid":{"rendered":"https:\/\/kingarms.ee\/product\/gumines-kulkos-t4e-rb-prac-43-500-vnt\/"},"modified":"2025-06-20T18:04:05","modified_gmt":"2025-06-20T15:04:05","slug":"gumines-kulkos-t4e-rb-prac-43-500-vnt","status":"publish","type":"product","link":"https:\/\/kingarms.ee\/lt\/product\/gumines-kulkos-t4e-rb-prac-43-500-vnt\/","title":{"rendered":"Gumin\u0117s kulkos T4E RB PRAC .43 500 vnt"},"content":{"rendered":"<p><img loading=\"lazy\" decoding=\"async\" class=\"alignnone size-full wp-image-69641\" src=\"https:\/\/kingarms.ee\/wp-content\/uploads\/2022\/12\/kulki-poliuretanowe-t4e-practice-plb-kal-43-500-szt-szare-eda0f5f678114873adf2cfd133b87e4e-c203ef54.jpeg\" alt=\"\" width=\"900\" height=\"900\" srcset=\"https:\/\/kingarms.ee\/wp-content\/uploads\/2022\/12\/kulki-poliuretanowe-t4e-practice-plb-kal-43-500-szt-szare-eda0f5f678114873adf2cfd133b87e4e-c203ef54.jpeg 900w, https:\/\/kingarms.ee\/wp-content\/uploads\/2022\/12\/kulki-poliuretanowe-t4e-practice-plb-kal-43-500-szt-szare-eda0f5f678114873adf2cfd133b87e4e-c203ef54-300x300.jpeg 300w, https:\/\/kingarms.ee\/wp-content\/uploads\/2022\/12\/kulki-poliuretanowe-t4e-practice-plb-kal-43-500-szt-szare-eda0f5f678114873adf2cfd133b87e4e-c203ef54-150x150.jpeg 150w, https:\/\/kingarms.ee\/wp-content\/uploads\/2022\/12\/kulki-poliuretanowe-t4e-practice-plb-kal-43-500-szt-szare-eda0f5f678114873adf2cfd133b87e4e-c203ef54-768x768.jpeg 768w, https:\/\/kingarms.ee\/wp-content\/uploads\/2022\/12\/kulki-poliuretanowe-t4e-practice-plb-kal-43-500-szt-szare-eda0f5f678114873adf2cfd133b87e4e-c203ef54-500x500.jpeg 500w\" sizes=\"auto, (max-width: 900px) 100vw, 900px\" \/><\/p>\n","protected":false},"excerpt":{"rendered":"<p>.43 kalibro gumin\u0117s kulkos, skirtos naudoti su T4E treniruo\u010di\u0173 platformomis ir kt .43 kalibro nemirtini ginklai.<\/p>\n<ul>\n<li>.43 kalibro gumin\u0117s kulkos<\/li>\n<li>Auk\u0161tos kokyb\u0117s treniruo\u010di\u0173 kamuoliai<\/li>\n<li>Patikimas gumos lasskemoon<\/li>\n<li>Perdirbamas (rinkti, plauti, pakartotinai naudoti)<\/li>\n<\/ul>\n<p>TECHNINIAI DUOMENYS<\/p>\n<ul>\n<li>Kalibras: .43<\/li>\n<li>Svoris: 0,75 g<\/li>\n<li>Kiekis pakuot\u0117je: 500 vnt<\/li>\n<li>Pakuot\u0117: plastikinis indelis<\/li>\n<li>Spalva: juoda<\/li>\n<\/ul>\n","protected":false},"featured_media":131956,"template":"","meta":{"_acf_changed":false},"product_brand":[],"product_cat":[1191],"product_tag":[],"class_list":{"0":"post-151125","1":"product","2":"type-product","3":"status-publish","4":"has-post-thumbnail","6":"product_cat-gumines-kulkos","8":"first","9":"instock","10":"taxable","11":"shipping-taxable","12":"purchasable","13":"product-type-simple"},"acf":[],"_links":{"self":[{"href":"https:\/\/kingarms.ee\/lt\/wp-json\/wp\/v2\/product\/151125","targetHints":{"allow":["GET"]}}],"collection":[{"href":"https:\/\/kingarms.ee\/lt\/wp-json\/wp\/v2\/product"}],"about":[{"href":"https:\/\/kingarms.ee\/lt\/wp-json\/wp\/v2\/types\/product"}],"wp:featuredmedia":[{"embeddable":true,"href":"https:\/\/kingarms.ee\/lt\/wp-json\/wp\/v2\/media\/131956"}],"wp:attachment":[{"href":"https:\/\/kingarms.ee\/lt\/wp-json\/wp\/v2\/media?parent=151125"}],"wp:term":[{"taxonomy":"product_brand","embeddable":true,"href":"https:\/\/kingarms.ee\/lt\/wp-json\/wp\/v2\/product_brand?post=151125"},{"taxonomy":"product_cat","embeddable":true,"href":"https:\/\/kingarms.ee\/lt\/wp-json\/wp\/v2\/product_cat?post=151125"},{"taxonomy":"product_tag","embeddable":true,"href":"https:\/\/kingarms.ee\/lt\/wp-json\/wp\/v2\/product_tag?post=151125"}],"curies":[{"name":"wp","href":"https:\/\/api.w.org\/{rel}","templated":true}]}}