{"id":151129,"date":"2022-12-20T17:45:19","date_gmt":"2025-06-20T15:10:36","guid":{"rendered":"https:\/\/kingarms.ee\/product\/metaliniai-rutuliai-devitatorius-kal-68-40-szt\/"},"modified":"2025-06-20T18:10:36","modified_gmt":"2025-06-20T15:10:36","slug":"metaliniai-rutuliai-devitatorius-kal-68-40-szt","status":"publish","type":"product","link":"https:\/\/kingarms.ee\/lt\/product\/metaliniai-rutuliai-devitatorius-kal-68-40-szt\/","title":{"rendered":"Metaliniai rutuliai devitatorius Kal. 68\/40 SZT"},"content":{"rendered":"<p><img loading=\"lazy\" decoding=\"async\" class=\"alignnone size-full wp-image-69604\" src=\"https:\/\/kingarms.ee\/wp-content\/uploads\/2022\/12\/kule-metalowe-razorgun-steel-core-devastator-kal-68-40-szt-do-umarex-t4e-hds-68-kal-001e2dbc18b5457785a77a7174c9eee5-48a3a3cb.jpeg\" alt=\"\" width=\"900\" height=\"900\" srcset=\"https:\/\/kingarms.ee\/wp-content\/uploads\/2022\/12\/kule-metalowe-razorgun-steel-core-devastator-kal-68-40-szt-do-umarex-t4e-hds-68-kal-001e2dbc18b5457785a77a7174c9eee5-48a3a3cb.jpeg 900w, https:\/\/kingarms.ee\/wp-content\/uploads\/2022\/12\/kule-metalowe-razorgun-steel-core-devastator-kal-68-40-szt-do-umarex-t4e-hds-68-kal-001e2dbc18b5457785a77a7174c9eee5-48a3a3cb-300x300.jpeg 300w, https:\/\/kingarms.ee\/wp-content\/uploads\/2022\/12\/kule-metalowe-razorgun-steel-core-devastator-kal-68-40-szt-do-umarex-t4e-hds-68-kal-001e2dbc18b5457785a77a7174c9eee5-48a3a3cb-150x150.jpeg 150w, https:\/\/kingarms.ee\/wp-content\/uploads\/2022\/12\/kule-metalowe-razorgun-steel-core-devastator-kal-68-40-szt-do-umarex-t4e-hds-68-kal-001e2dbc18b5457785a77a7174c9eee5-48a3a3cb-768x768.jpeg 768w, https:\/\/kingarms.ee\/wp-content\/uploads\/2022\/12\/kule-metalowe-razorgun-steel-core-devastator-kal-68-40-szt-do-umarex-t4e-hds-68-kal-001e2dbc18b5457785a77a7174c9eee5-48a3a3cb-500x500.jpeg 500w\" sizes=\"auto, (max-width: 900px) 100vw, 900px\" \/><\/p>\n","protected":false},"excerpt":{"rendered":"<p><strong>Metaliniai rutuliai Devastator kal. 68<\/strong><\/p>\n<p>RazorGun plieno Core Devastator cal. 68 plieniniai rutuliai susideda i\u0161 kieto plieno \u0161erdies, padengtos plastiku.<br \/>\nPlastikinis dangtelis u\u017etikrina rutulio skryd\u017eio stabilizavim\u0105 ir labai tiksl\u0173 kamuolio \u0161audym\u0105 net dideliais atstumais.<br \/>\nYpa\u010d tinka Umareks HDS 68 nam\u0173 gynybos \u0161autuvui ir NKG PS-300 da\u017easvyd\u017eio \u017eymekliui.<\/p>\n<p>Techniniai duomenys:<\/p>\n<p>Kalibras:, 68<br \/>\nSvoris: 5,40 gramo<br \/>\nKiekis: 40 Vnt<\/p>\n","protected":false},"featured_media":126041,"template":"","meta":{"_acf_changed":false},"product_brand":[],"product_cat":[1191],"product_tag":[],"class_list":{"0":"post-151129","1":"product","2":"type-product","3":"status-publish","4":"has-post-thumbnail","6":"product_cat-gumines-kulkos","8":"first","9":"onbackorder","10":"taxable","11":"shipping-taxable","12":"product-type-simple"},"acf":[],"_links":{"self":[{"href":"https:\/\/kingarms.ee\/lt\/wp-json\/wp\/v2\/product\/151129","targetHints":{"allow":["GET"]}}],"collection":[{"href":"https:\/\/kingarms.ee\/lt\/wp-json\/wp\/v2\/product"}],"about":[{"href":"https:\/\/kingarms.ee\/lt\/wp-json\/wp\/v2\/types\/product"}],"wp:featuredmedia":[{"embeddable":true,"href":"https:\/\/kingarms.ee\/lt\/wp-json\/wp\/v2\/media\/126041"}],"wp:attachment":[{"href":"https:\/\/kingarms.ee\/lt\/wp-json\/wp\/v2\/media?parent=151129"}],"wp:term":[{"taxonomy":"product_brand","embeddable":true,"href":"https:\/\/kingarms.ee\/lt\/wp-json\/wp\/v2\/product_brand?post=151129"},{"taxonomy":"product_cat","embeddable":true,"href":"https:\/\/kingarms.ee\/lt\/wp-json\/wp\/v2\/product_cat?post=151129"},{"taxonomy":"product_tag","embeddable":true,"href":"https:\/\/kingarms.ee\/lt\/wp-json\/wp\/v2\/product_tag?post=151129"}],"curies":[{"name":"wp","href":"https:\/\/api.w.org\/{rel}","templated":true}]}}