{"id":151132,"date":"2022-12-20T17:34:01","date_gmt":"2025-06-20T15:14:54","guid":{"rendered":"https:\/\/kingarms.ee\/product\/gumines-metalines-kulkos-100-soviniu-razorgun\/"},"modified":"2025-06-20T18:14:54","modified_gmt":"2025-06-20T15:14:54","slug":"gumines-metalines-kulkos-100-soviniu-razorgun","status":"publish","type":"product","link":"https:\/\/kingarms.ee\/lt\/product\/gumines-metalines-kulkos-100-soviniu-razorgun\/","title":{"rendered":"Gumin\u0117s-metalin\u0117s kulkos \/ 100 \u0161ovini\u0173 [RazorGun]"},"content":{"rendered":"<p><img loading=\"lazy\" decoding=\"async\" class=\"alignnone size-full wp-image-69587\" src=\"https:\/\/kingarms.ee\/wp-content\/uploads\/2022\/12\/kule-gumowe-razorgun-68-kal-68-100-szt-do-umarex-t4e-hds-i-sg-68-477641518d74413a92f63e159a42e1a1-7ff58721.jpeg\" alt=\"\" width=\"900\" height=\"900\" srcset=\"https:\/\/kingarms.ee\/wp-content\/uploads\/2022\/12\/kule-gumowe-razorgun-68-kal-68-100-szt-do-umarex-t4e-hds-i-sg-68-477641518d74413a92f63e159a42e1a1-7ff58721.jpeg 900w, https:\/\/kingarms.ee\/wp-content\/uploads\/2022\/12\/kule-gumowe-razorgun-68-kal-68-100-szt-do-umarex-t4e-hds-i-sg-68-477641518d74413a92f63e159a42e1a1-7ff58721-300x300.jpeg 300w, https:\/\/kingarms.ee\/wp-content\/uploads\/2022\/12\/kule-gumowe-razorgun-68-kal-68-100-szt-do-umarex-t4e-hds-i-sg-68-477641518d74413a92f63e159a42e1a1-7ff58721-150x150.jpeg 150w, https:\/\/kingarms.ee\/wp-content\/uploads\/2022\/12\/kule-gumowe-razorgun-68-kal-68-100-szt-do-umarex-t4e-hds-i-sg-68-477641518d74413a92f63e159a42e1a1-7ff58721-768x768.jpeg 768w, https:\/\/kingarms.ee\/wp-content\/uploads\/2022\/12\/kule-gumowe-razorgun-68-kal-68-100-szt-do-umarex-t4e-hds-i-sg-68-477641518d74413a92f63e159a42e1a1-7ff58721-500x500.jpeg 500w\" sizes=\"auto, (max-width: 900px) 100vw, 900px\" \/><\/p>\n","protected":false},"excerpt":{"rendered":"<p>RazorGun gumos-metalo rutuliai cal. 68 yra sunki treniruo\u010di\u0173 amunicija RAM \u017eymekliams.<\/p>\n<p>RazorGun Guminiai-metaliniai \u0161audmenys skirti m\u0117g\u0117ji\u0161kam \u0161audymui, savigynai, treniruot\u0117ms ir taktin\u0117ms treniruot\u0117ms su avino \u017eenkleliais.<\/p>\n<p>Rutuliai pagaminti i\u0161 kietos gumos, kuri papildomai praturtinta metalo dalel\u0117mis. D\u0117l tokios konstrukcijos kulk\u0173 kietumas ir mas\u0117 yra didesni, tod\u0117l jos efektyviau atne\u0161a energij\u0105 \u012f taikin\u012f ir geriau \u012fsiskverbia. <\/p>\n","protected":false},"featured_media":126037,"template":"","meta":{"_acf_changed":false},"product_brand":[],"product_cat":[1191],"product_tag":[],"class_list":{"0":"post-151132","1":"product","2":"type-product","3":"status-publish","4":"has-post-thumbnail","6":"product_cat-gumines-kulkos","8":"first","9":"onbackorder","10":"taxable","11":"shipping-taxable","12":"product-type-simple"},"acf":[],"_links":{"self":[{"href":"https:\/\/kingarms.ee\/lt\/wp-json\/wp\/v2\/product\/151132","targetHints":{"allow":["GET"]}}],"collection":[{"href":"https:\/\/kingarms.ee\/lt\/wp-json\/wp\/v2\/product"}],"about":[{"href":"https:\/\/kingarms.ee\/lt\/wp-json\/wp\/v2\/types\/product"}],"wp:featuredmedia":[{"embeddable":true,"href":"https:\/\/kingarms.ee\/lt\/wp-json\/wp\/v2\/media\/126037"}],"wp:attachment":[{"href":"https:\/\/kingarms.ee\/lt\/wp-json\/wp\/v2\/media?parent=151132"}],"wp:term":[{"taxonomy":"product_brand","embeddable":true,"href":"https:\/\/kingarms.ee\/lt\/wp-json\/wp\/v2\/product_brand?post=151132"},{"taxonomy":"product_cat","embeddable":true,"href":"https:\/\/kingarms.ee\/lt\/wp-json\/wp\/v2\/product_cat?post=151132"},{"taxonomy":"product_tag","embeddable":true,"href":"https:\/\/kingarms.ee\/lt\/wp-json\/wp\/v2\/product_tag?post=151132"}],"curies":[{"name":"wp","href":"https:\/\/api.w.org\/{rel}","templated":true}]}}