{"id":151134,"date":"2022-12-19T17:00:03","date_gmt":"2025-06-20T15:19:17","guid":{"rendered":"https:\/\/kingarms.ee\/product\/3-dekoratyviniai-katana-nustatyti-medinis-dangtelis-ir-rankena\/"},"modified":"2025-06-20T18:19:17","modified_gmt":"2025-06-20T15:19:17","slug":"3-dekoratyviniai-katana-nustatyti-medinis-dangtelis-ir-rankena","status":"publish","type":"product","link":"https:\/\/kingarms.ee\/lt\/product\/3-dekoratyviniai-katana-nustatyti-medinis-dangtelis-ir-rankena\/","title":{"rendered":"3 dekoratyviniai katana nustatyti medinis dangtelis ir rankena"},"content":{"rendered":"","protected":false},"excerpt":{"rendered":"<p>3 dekoratyviniai katana nustatyti medinis dangtelis ir rankena<\/p>\n<p>3 dekoratyvini\u0173 katan\u0173 rinkinys<br \/>\n\u012fkv\u0117ptas goemono I\u0161ikavos kard\u0173<br \/>\nlubin\u0173 serija<br \/>\nmedinis dangtis ir rankena<br \/>\nmetalo a\u0161menys<\/p>\n<p>katana<br \/>\nbendras ilgis 990mm<br \/>\nA\u0161men\u0173 ilgis 675mm<\/p>\n<p>vakiza\u0161io<br \/>\nbendras ilgis 765mm<br \/>\nA\u0161men\u0173 ilgis 480mm<\/p>\n<p>tanto<br \/>\nbendras ilgis 532mm<br \/>\nA\u0161men\u0173 ilgis 290mm<\/p>\n<p>pridedamas medinis stalo stovas<\/p>\n","protected":false},"featured_media":125863,"template":"","meta":{"_acf_changed":false},"product_brand":[],"product_cat":[1271],"product_tag":[],"class_list":{"0":"post-151134","1":"product","2":"type-product","3":"status-publish","4":"has-post-thumbnail","6":"product_cat-katana-tanto-lt","8":"first","9":"instock","10":"purchasable","11":"product-type-simple"},"acf":[],"_links":{"self":[{"href":"https:\/\/kingarms.ee\/lt\/wp-json\/wp\/v2\/product\/151134","targetHints":{"allow":["GET"]}}],"collection":[{"href":"https:\/\/kingarms.ee\/lt\/wp-json\/wp\/v2\/product"}],"about":[{"href":"https:\/\/kingarms.ee\/lt\/wp-json\/wp\/v2\/types\/product"}],"wp:featuredmedia":[{"embeddable":true,"href":"https:\/\/kingarms.ee\/lt\/wp-json\/wp\/v2\/media\/125863"}],"wp:attachment":[{"href":"https:\/\/kingarms.ee\/lt\/wp-json\/wp\/v2\/media?parent=151134"}],"wp:term":[{"taxonomy":"product_brand","embeddable":true,"href":"https:\/\/kingarms.ee\/lt\/wp-json\/wp\/v2\/product_brand?post=151134"},{"taxonomy":"product_cat","embeddable":true,"href":"https:\/\/kingarms.ee\/lt\/wp-json\/wp\/v2\/product_cat?post=151134"},{"taxonomy":"product_tag","embeddable":true,"href":"https:\/\/kingarms.ee\/lt\/wp-json\/wp\/v2\/product_tag?post=151134"}],"curies":[{"name":"wp","href":"https:\/\/api.w.org\/{rel}","templated":true}]}}