{"id":151143,"date":"2022-12-19T16:59:52","date_gmt":"2022-12-19T13:59:52","guid":{"rendered":"https:\/\/kingarms.ee\/product\/tuscias-pistoletas-revolveris-magnum-380-bruni\/"},"modified":"2025-06-21T13:57:04","modified_gmt":"2025-06-21T10:57:04","slug":"tuscias-pistoletas-revolveris-magnum-380-bruni","status":"publish","type":"product","link":"https:\/\/kingarms.ee\/lt\/product\/tuscias-pistoletas-revolveris-magnum-380-bruni\/","title":{"rendered":"Tu\u0161\u010dias pistoletas revolveris magnum 380 [Bruni]"},"content":{"rendered":"","protected":false},"excerpt":{"rendered":"<p>Tu\u0161\u010dias pistoletas revolveris magnum 380 [Bruni]<\/p>\n<p>\u012f vir\u0161\u0173 \u0161audymo tu\u0161\u010dias revolveris<br \/>\n6 raund\u0173 \u017eurnalas<br \/>\n380 kalibras<br \/>\nvienkartinis arba dvigubas veiksmas<br \/>\nmedin\u0117s rankenos plok\u0161t\u0117s<br \/>\n4 coli\u0173 statin\u0117<br \/>\nilgis 235mm<br \/>\nsvoris 900g<br \/>\njuoda spalva<\/p>\n","protected":false},"featured_media":152550,"template":"","meta":{"_acf_changed":false},"product_brand":[],"product_cat":[1148],"product_tag":[],"class_list":{"0":"post-151143","1":"product","2":"type-product","3":"status-publish","4":"has-post-thumbnail","6":"product_cat-pradedantys-pistoletai","8":"first","9":"instock","10":"purchasable","11":"product-type-simple"},"acf":[],"_links":{"self":[{"href":"https:\/\/kingarms.ee\/lt\/wp-json\/wp\/v2\/product\/151143","targetHints":{"allow":["GET"]}}],"collection":[{"href":"https:\/\/kingarms.ee\/lt\/wp-json\/wp\/v2\/product"}],"about":[{"href":"https:\/\/kingarms.ee\/lt\/wp-json\/wp\/v2\/types\/product"}],"wp:featuredmedia":[{"embeddable":true,"href":"https:\/\/kingarms.ee\/lt\/wp-json\/wp\/v2\/media\/152550"}],"wp:attachment":[{"href":"https:\/\/kingarms.ee\/lt\/wp-json\/wp\/v2\/media?parent=151143"}],"wp:term":[{"taxonomy":"product_brand","embeddable":true,"href":"https:\/\/kingarms.ee\/lt\/wp-json\/wp\/v2\/product_brand?post=151143"},{"taxonomy":"product_cat","embeddable":true,"href":"https:\/\/kingarms.ee\/lt\/wp-json\/wp\/v2\/product_cat?post=151143"},{"taxonomy":"product_tag","embeddable":true,"href":"https:\/\/kingarms.ee\/lt\/wp-json\/wp\/v2\/product_tag?post=151143"}],"curies":[{"name":"wp","href":"https:\/\/api.w.org\/{rel}","templated":true}]}}