{"id":151149,"date":"2022-12-19T16:59:31","date_gmt":"2025-06-21T12:21:33","guid":{"rendered":"https:\/\/kingarms.ee\/product\/7-dienu-maisto-pakuote-mesa-trek-n-eat\/"},"modified":"2025-06-21T15:21:33","modified_gmt":"2025-06-21T12:21:33","slug":"7-dienu-maisto-pakuote-mesa-trek-n-eat","status":"publish","type":"product","link":"https:\/\/kingarms.ee\/lt\/product\/7-dienu-maisto-pakuote-mesa-trek-n-eat\/","title":{"rendered":"7 dien\u0173 maisto pakuot\u0117, m\u0117sa [Trek &#8216; N Eat]"},"content":{"rendered":"","protected":false},"excerpt":{"rendered":"<p>7 dien\u0173 maisto pakuot\u0117, m\u0117sa [Trek &#8216; N Eat]<\/p>\n<p>maisto pakuot\u0117 1 asmeniui 7 dienas<br \/>\n\u0161i\u0173 maisto produkt\u0173 paruo\u0161imas reikalauja<br \/>\n4,36 l geriamojo vandens<br \/>\nneper\u0161lampama, u\u017edaroma transportavimo d\u0117\u017e\u0117<br \/>\n3 kartus &#8220;\u0161veicari\u0161ko stiliaus&#8221; Muslis su nenugriebtu pienu 150 g<br \/>\n2 kartus viso gr\u016bdo vaisi\u0173 Muslis 150 g<br \/>\n1 laukini\u0173 gryb\u0173 ragutas su makaronais 160 g<br \/>\n1 makaronai su vegetari\u0161ku Bolonijos 180g<br \/>\n1 Chana masala-avin\u017eirni\u0173 karis su ry\u017eiais 180 g<br \/>\n1 bulvi\u0173 tro\u0161kinys su keptais svog\u016bnais 150 g<br \/>\n1 kartus a\u0161trus jautienos tro\u0161kinys su makaronais 160 g<br \/>\n1 kartus kreminiai makaronai su vi\u0161tiena ir \u0161pinatais 150 g<br \/>\n1 makaronai su la\u0161i\u0161a ir pesto 160 g<br \/>\n1 avarinis racionas, NRG-5, 500 g, (9 barai)<br \/>\n1 avarinis racionas, NRG-5, nulis, 500 g, (9 barai)<\/p>\n<p>energija per dien\u0105 kcal: 1991 m<br \/>\nKiekis: 2890 g<\/p>\n","protected":false},"featured_media":126001,"template":"","meta":{"_acf_changed":false},"product_brand":[],"product_cat":[1272],"product_tag":[],"class_list":{"0":"post-151149","1":"product","2":"type-product","3":"status-publish","4":"has-post-thumbnail","6":"product_cat-taktine-maisto-pakuote","8":"first","9":"instock","10":"sale","11":"purchasable","12":"product-type-simple"},"acf":[],"_links":{"self":[{"href":"https:\/\/kingarms.ee\/lt\/wp-json\/wp\/v2\/product\/151149","targetHints":{"allow":["GET"]}}],"collection":[{"href":"https:\/\/kingarms.ee\/lt\/wp-json\/wp\/v2\/product"}],"about":[{"href":"https:\/\/kingarms.ee\/lt\/wp-json\/wp\/v2\/types\/product"}],"wp:featuredmedia":[{"embeddable":true,"href":"https:\/\/kingarms.ee\/lt\/wp-json\/wp\/v2\/media\/126001"}],"wp:attachment":[{"href":"https:\/\/kingarms.ee\/lt\/wp-json\/wp\/v2\/media?parent=151149"}],"wp:term":[{"taxonomy":"product_brand","embeddable":true,"href":"https:\/\/kingarms.ee\/lt\/wp-json\/wp\/v2\/product_brand?post=151149"},{"taxonomy":"product_cat","embeddable":true,"href":"https:\/\/kingarms.ee\/lt\/wp-json\/wp\/v2\/product_cat?post=151149"},{"taxonomy":"product_tag","embeddable":true,"href":"https:\/\/kingarms.ee\/lt\/wp-json\/wp\/v2\/product_tag?post=151149"}],"curies":[{"name":"wp","href":"https:\/\/api.w.org\/{rel}","templated":true}]}}