{"id":151151,"date":"2022-12-19T16:59:31","date_gmt":"2025-06-21T12:24:47","guid":{"rendered":"https:\/\/kingarms.ee\/product\/ranku-sildytuvas-thermopad\/"},"modified":"2025-06-21T15:24:47","modified_gmt":"2025-06-21T12:24:47","slug":"ranku-sildytuvas-thermopad","status":"publish","type":"product","link":"https:\/\/kingarms.ee\/lt\/product\/ranku-sildytuvas-thermopad\/","title":{"rendered":"Rank\u0173 \u0160ildytuvas, [Thermopad]"},"content":{"rendered":"","protected":false},"excerpt":{"rendered":"<p>Rank\u0173 \u0160ildytuvas, [Thermopad]<\/p>\n<p>\u012fkaista iki ma\u017edaug. 12 h<br \/>\ntemperat\u016bra iki ca. 68\u2082 C<br \/>\naktyvuojamas deguonimi<br \/>\natliek\u0173 \u0161alinimas po naudojimo<br \/>\nir atv\u0117sti<br \/>\nMatmenys: ca. 9 po 5,5 cm   <\/p>\n<p>Sud\u0117tis:<br \/>\nGele\u017eies Milteliai, Druska, Aktyvuota Anglis, Vanduo,<br \/>\nVermikulitas<\/p>\n","protected":false},"featured_media":125991,"template":"","meta":{"_acf_changed":false},"product_brand":[],"product_cat":[1263],"product_tag":[],"class_list":{"0":"post-151151","1":"product","2":"type-product","3":"status-publish","4":"has-post-thumbnail","6":"product_cat-kelioniu-prekes","8":"first","9":"instock","10":"purchasable","11":"product-type-simple"},"acf":[],"_links":{"self":[{"href":"https:\/\/kingarms.ee\/lt\/wp-json\/wp\/v2\/product\/151151","targetHints":{"allow":["GET"]}}],"collection":[{"href":"https:\/\/kingarms.ee\/lt\/wp-json\/wp\/v2\/product"}],"about":[{"href":"https:\/\/kingarms.ee\/lt\/wp-json\/wp\/v2\/types\/product"}],"wp:featuredmedia":[{"embeddable":true,"href":"https:\/\/kingarms.ee\/lt\/wp-json\/wp\/v2\/media\/125991"}],"wp:attachment":[{"href":"https:\/\/kingarms.ee\/lt\/wp-json\/wp\/v2\/media?parent=151151"}],"wp:term":[{"taxonomy":"product_brand","embeddable":true,"href":"https:\/\/kingarms.ee\/lt\/wp-json\/wp\/v2\/product_brand?post=151151"},{"taxonomy":"product_cat","embeddable":true,"href":"https:\/\/kingarms.ee\/lt\/wp-json\/wp\/v2\/product_cat?post=151151"},{"taxonomy":"product_tag","embeddable":true,"href":"https:\/\/kingarms.ee\/lt\/wp-json\/wp\/v2\/product_tag?post=151151"}],"curies":[{"name":"wp","href":"https:\/\/api.w.org\/{rel}","templated":true}]}}