{"id":151153,"date":"2022-12-19T16:59:31","date_gmt":"2025-06-21T12:27:31","guid":{"rendered":"https:\/\/kingarms.ee\/product\/prieskoniu-purtykle-4-prieskoniai-raktu-pakabukas-trek-n-valgyti\/"},"modified":"2025-06-21T15:27:31","modified_gmt":"2025-06-21T12:27:31","slug":"prieskoniu-purtykle-4-prieskoniai-raktu-pakabukas-trek-n-valgyti","status":"publish","type":"product","link":"https:\/\/kingarms.ee\/lt\/product\/prieskoniu-purtykle-4-prieskoniai-raktu-pakabukas-trek-n-valgyti\/","title":{"rendered":"Prieskoni\u0173 purtykl\u0117, 4 prieskoniai, rakt\u0173 pakabukas [Trek &#8216; N valgyti]"},"content":{"rendered":"","protected":false},"excerpt":{"rendered":"<p>Prieskoni\u0173 purtykl\u0117, 4 prieskoniai, rakt\u0173 pakabukas [Trek &#8216; N valgyti]<\/p>\n<p>mini prieskoni\u0173 purtykl\u0117 kaip rakt\u0173 pakabukas, u\u017epildyta, pakartotinai u\u017epildoma<br \/>\nSudedam\u0173j\u0173:<br \/>\ndruska, paprika, juodieji pipirai,<br \/>\nkaris (kalendra, o\u017erag\u0117, kurkuma,<br \/>\ndruska, \u010desnakai, \u010dili, kmynai, imbieras)<br \/>\nGrynasis svoris: 21 g<\/p>\n","protected":false},"featured_media":126025,"template":"","meta":{"_acf_changed":false},"product_brand":[],"product_cat":[1263],"product_tag":[],"class_list":{"0":"post-151153","1":"product","2":"type-product","3":"status-publish","4":"has-post-thumbnail","6":"product_cat-kelioniu-prekes","8":"first","9":"instock","10":"purchasable","11":"product-type-simple"},"acf":[],"_links":{"self":[{"href":"https:\/\/kingarms.ee\/lt\/wp-json\/wp\/v2\/product\/151153","targetHints":{"allow":["GET"]}}],"collection":[{"href":"https:\/\/kingarms.ee\/lt\/wp-json\/wp\/v2\/product"}],"about":[{"href":"https:\/\/kingarms.ee\/lt\/wp-json\/wp\/v2\/types\/product"}],"wp:featuredmedia":[{"embeddable":true,"href":"https:\/\/kingarms.ee\/lt\/wp-json\/wp\/v2\/media\/126025"}],"wp:attachment":[{"href":"https:\/\/kingarms.ee\/lt\/wp-json\/wp\/v2\/media?parent=151153"}],"wp:term":[{"taxonomy":"product_brand","embeddable":true,"href":"https:\/\/kingarms.ee\/lt\/wp-json\/wp\/v2\/product_brand?post=151153"},{"taxonomy":"product_cat","embeddable":true,"href":"https:\/\/kingarms.ee\/lt\/wp-json\/wp\/v2\/product_cat?post=151153"},{"taxonomy":"product_tag","embeddable":true,"href":"https:\/\/kingarms.ee\/lt\/wp-json\/wp\/v2\/product_tag?post=151153"}],"curies":[{"name":"wp","href":"https:\/\/api.w.org\/{rel}","templated":true}]}}