{"id":151161,"date":"2022-12-19T16:59:31","date_gmt":"2025-06-21T12:37:11","guid":{"rendered":"https:\/\/kingarms.ee\/product\/salikas-shemagh-2\/"},"modified":"2025-06-21T15:37:11","modified_gmt":"2025-06-21T12:37:11","slug":"salikas-shemagh-2","status":"publish","type":"product","link":"https:\/\/kingarms.ee\/lt\/product\/salikas-shemagh-2\/","title":{"rendered":"\u0160alikas Shemagh"},"content":{"rendered":"","protected":false},"excerpt":{"rendered":"<p>\u0160alikas Shemagh<\/p>\n<p>klasikinis shemagh \u0161alikas<br \/>\napsauga nuo saul\u0117s, dulki\u0173, sm\u0117lio ir kt.<br \/>\ndaugiafunkcinis d\u0117l savo dyd\u017eio<br \/>\nsmulkiai austas, didelis d\u0117v\u0117jimo patogumas<br \/>\nMatmenys: ca. 110 po 110 cm <\/p>\n<p>Med\u017eiaga:<br \/>\n100% medviln\u0117<\/p>\n","protected":false},"featured_media":126009,"template":"","meta":{"_acf_changed":false},"product_brand":[],"product_cat":[1233],"product_tag":[],"class_list":{"0":"post-151161","1":"product","2":"type-product","3":"status-publish","4":"has-post-thumbnail","6":"product_cat-balaklava-skrybeles","8":"first","9":"instock","10":"purchasable","11":"product-type-simple"},"acf":[],"_links":{"self":[{"href":"https:\/\/kingarms.ee\/lt\/wp-json\/wp\/v2\/product\/151161","targetHints":{"allow":["GET"]}}],"collection":[{"href":"https:\/\/kingarms.ee\/lt\/wp-json\/wp\/v2\/product"}],"about":[{"href":"https:\/\/kingarms.ee\/lt\/wp-json\/wp\/v2\/types\/product"}],"wp:featuredmedia":[{"embeddable":true,"href":"https:\/\/kingarms.ee\/lt\/wp-json\/wp\/v2\/media\/126009"}],"wp:attachment":[{"href":"https:\/\/kingarms.ee\/lt\/wp-json\/wp\/v2\/media?parent=151161"}],"wp:term":[{"taxonomy":"product_brand","embeddable":true,"href":"https:\/\/kingarms.ee\/lt\/wp-json\/wp\/v2\/product_brand?post=151161"},{"taxonomy":"product_cat","embeddable":true,"href":"https:\/\/kingarms.ee\/lt\/wp-json\/wp\/v2\/product_cat?post=151161"},{"taxonomy":"product_tag","embeddable":true,"href":"https:\/\/kingarms.ee\/lt\/wp-json\/wp\/v2\/product_tag?post=151161"}],"curies":[{"name":"wp","href":"https:\/\/api.w.org\/{rel}","templated":true}]}}