{"id":151174,"date":"2022-11-28T19:41:56","date_gmt":"2025-06-21T12:52:16","guid":{"rendered":"https:\/\/kingarms.ee\/product\/irasu-vezejas-multicam-warrior\/"},"modified":"2025-06-21T15:52:16","modified_gmt":"2025-06-21T12:52:16","slug":"irasu-vezejas-multicam-warrior","status":"publish","type":"product","link":"https:\/\/kingarms.ee\/lt\/product\/irasu-vezejas-multicam-warrior\/","title":{"rendered":"\u012era\u0161\u0173 ve\u017e\u0117jas &#8211; \u201eMulticam\u201c (\u201eWarrior\u201c)"},"content":{"rendered":"<p><img loading=\"lazy\" decoding=\"async\" class=\"alignnone size-full wp-image-68485\" src=\"https:\/\/kingarms.ee\/wp-content\/uploads\/2022\/11\/DCS-Plate-Carrier-MC-web2-4.jpeg\" alt=\"\" width=\"600\" height=\"600\" srcset=\"https:\/\/kingarms.ee\/wp-content\/uploads\/2022\/11\/DCS-Plate-Carrier-MC-web2-4.jpeg 600w, https:\/\/kingarms.ee\/wp-content\/uploads\/2022\/11\/DCS-Plate-Carrier-MC-web2-4-300x300.jpeg 300w, https:\/\/kingarms.ee\/wp-content\/uploads\/2022\/11\/DCS-Plate-Carrier-MC-web2-4-150x150.jpeg 150w, https:\/\/kingarms.ee\/wp-content\/uploads\/2022\/11\/DCS-Plate-Carrier-MC-web2-4-500x500.jpeg 500w\" sizes=\"auto, (max-width: 600px) 100vw, 600px\" \/><\/p>\n","protected":false},"excerpt":{"rendered":"<p>\u012era\u0161\u0173 ve\u017e\u0117jas &#8211; \u201eMulticam\u201c (\u201eWarrior\u201c)<\/p>\n<p>DCS yra lengva \u017eemo profilio sistema, kuri yra patvari, ta\u010diau turi ergonomi\u0161k\u0105 dizain\u0105, u\u017etikrinant\u012f i\u0161skirtin\u012f komfort\u0105 ir funkcionalum\u0105. Sukurta su aktyviu S. F. su tiesiogine \u012fvestimi. Operatoriai DCS tinka tiek speciali\u0173j\u0173 paj\u0117g\u0173 reikalavimams, tiek PSD operacijoms.  <\/p>\n<p>Pe\u010diai yra visi\u0161kai reguliuojami, o vienoje pus\u0117je yra avarinis atleidimas, kuris atlaisvina kair\u012fj\u012f pet\u012f ir leid\u017eia operatoriui i\u0161imti i\u0161 prietaiso nenuimant operatoriaus \u0161almo. \u0160onin\u0117s DCS dalys yra visi\u0161kai reguliuojamos ir gali b\u016bti sureguliuotos per ma\u017eiau nei 15 sekund\u017ei\u0173. 3D tarpiklio \u012fd\u0117klas naudojamas patogumui ir leid\u017eia k\u016bno \u0161ilumai nutolti nuo k\u016bno pavir\u0161iaus, tuo pa\u010diu padedant oro srautui v\u0117sinti.  <\/p>\n<p>DCS buvo sukurtas d\u0117v\u0117ti su kario PLB dir\u017eu, Frag dir\u017eu ir \u017eemo profilio Molle dir\u017eu (parduodamas atskirai).<\/p>\n","protected":false},"featured_media":125755,"template":"","meta":{"_acf_changed":false},"product_brand":[],"product_cat":[1235],"product_tag":[],"class_list":{"0":"post-151174","1":"product","2":"type-product","3":"status-publish","4":"has-post-thumbnail","6":"product_cat-liemeneles-ir-dirzai","8":"first","9":"onbackorder","10":"taxable","11":"shipping-taxable","12":"product-type-simple"},"acf":[],"_links":{"self":[{"href":"https:\/\/kingarms.ee\/lt\/wp-json\/wp\/v2\/product\/151174","targetHints":{"allow":["GET"]}}],"collection":[{"href":"https:\/\/kingarms.ee\/lt\/wp-json\/wp\/v2\/product"}],"about":[{"href":"https:\/\/kingarms.ee\/lt\/wp-json\/wp\/v2\/types\/product"}],"wp:featuredmedia":[{"embeddable":true,"href":"https:\/\/kingarms.ee\/lt\/wp-json\/wp\/v2\/media\/125755"}],"wp:attachment":[{"href":"https:\/\/kingarms.ee\/lt\/wp-json\/wp\/v2\/media?parent=151174"}],"wp:term":[{"taxonomy":"product_brand","embeddable":true,"href":"https:\/\/kingarms.ee\/lt\/wp-json\/wp\/v2\/product_brand?post=151174"},{"taxonomy":"product_cat","embeddable":true,"href":"https:\/\/kingarms.ee\/lt\/wp-json\/wp\/v2\/product_cat?post=151174"},{"taxonomy":"product_tag","embeddable":true,"href":"https:\/\/kingarms.ee\/lt\/wp-json\/wp\/v2\/product_tag?post=151174"}],"curies":[{"name":"wp","href":"https:\/\/api.w.org\/{rel}","templated":true}]}}