{"id":151178,"date":"2022-11-28T18:52:20","date_gmt":"2025-06-21T12:57:12","guid":{"rendered":"https:\/\/kingarms.ee\/product\/gt-5-radijas-baofeng\/"},"modified":"2025-06-21T15:57:12","modified_gmt":"2025-06-21T12:57:12","slug":"gt-5-radijas-baofeng","status":"publish","type":"product","link":"https:\/\/kingarms.ee\/lt\/product\/gt-5-radijas-baofeng\/","title":{"rendered":"GT-5 Radijas [Baofeng]"},"content":{"rendered":"","protected":false},"excerpt":{"rendered":"<p>GT-5 Radijas [Baofeng]<\/p>\n<p>\u201eBaofeng\u201c radijo imtuvai d\u0117l rimtos prie\u017easties m\u0117gaujasi nepriekai\u0161tingu populiarumu ir lyderio pozicija prieinam\u0173 prietais\u0173 rinkoje. Their high quality workmanship combined with extremely effective operation makes the models a popular choice for hunters and others looking for efficient and fast communication in the field. \u201eBaofeng GT-5\u201c radijas \u0161iuo metu yra naujausias gamintojo pasi\u016blymo modelis, suteikiantis mums dar geresn\u012f diapazon\u0105 ir galimyb\u0119 dirbti su \u201eChirp\u201c \u012frankiu, leid\u017eian\u010diu patogiai programuoti \u012frenginius.  <\/p>\n","protected":false},"featured_media":136517,"template":"","meta":{"_acf_changed":false},"product_brand":[],"product_cat":[1269],"product_tag":[],"class_list":{"0":"post-151178","1":"product","2":"type-product","3":"status-publish","4":"has-post-thumbnail","6":"product_cat-imtuvai","8":"first","9":"instock","10":"purchasable","11":"product-type-simple"},"acf":[],"_links":{"self":[{"href":"https:\/\/kingarms.ee\/lt\/wp-json\/wp\/v2\/product\/151178","targetHints":{"allow":["GET"]}}],"collection":[{"href":"https:\/\/kingarms.ee\/lt\/wp-json\/wp\/v2\/product"}],"about":[{"href":"https:\/\/kingarms.ee\/lt\/wp-json\/wp\/v2\/types\/product"}],"wp:featuredmedia":[{"embeddable":true,"href":"https:\/\/kingarms.ee\/lt\/wp-json\/wp\/v2\/media\/136517"}],"wp:attachment":[{"href":"https:\/\/kingarms.ee\/lt\/wp-json\/wp\/v2\/media?parent=151178"}],"wp:term":[{"taxonomy":"product_brand","embeddable":true,"href":"https:\/\/kingarms.ee\/lt\/wp-json\/wp\/v2\/product_brand?post=151178"},{"taxonomy":"product_cat","embeddable":true,"href":"https:\/\/kingarms.ee\/lt\/wp-json\/wp\/v2\/product_cat?post=151178"},{"taxonomy":"product_tag","embeddable":true,"href":"https:\/\/kingarms.ee\/lt\/wp-json\/wp\/v2\/product_tag?post=151178"}],"curies":[{"name":"wp","href":"https:\/\/api.w.org\/{rel}","templated":true}]}}