{"id":151181,"date":"2022-11-28T18:52:07","date_gmt":"2025-06-21T12:59:48","guid":{"rendered":"https:\/\/kingarms.ee\/product\/e12-v2-0-led-zibintuvelio-fenix\/"},"modified":"2025-06-21T15:59:48","modified_gmt":"2025-06-21T12:59:48","slug":"e12-v2-0-led-zibintuvelio-fenix","status":"publish","type":"product","link":"https:\/\/kingarms.ee\/lt\/product\/e12-v2-0-led-zibintuvelio-fenix\/","title":{"rendered":"E12 v2.0 LED \u017eibintuv\u0117lio \u201eFenix\u201c"},"content":{"rendered":"","protected":false},"excerpt":{"rendered":"<p>E12 v2.0 LED \u017eibintuv\u0117lio \u201eFenix\u201c<\/p>\n<p>\u201eFenix E12 V2.0\u201c yra ki\u0161en\u0117s dyd\u017eio EDC \u017eibintuv\u0117lis, kuris, po atnaujinim\u0173 skleid\u017eia 160 liumen\u0173, turi 3 \u0161viesos re\u017eimus, ilgesn\u012f diapazon\u0105, dviej\u0173 pad\u0117\u010di\u0173 spaustuk\u0105 ir ekonomi\u0161kai efektyv\u0173 tvarkykl\u0119, kurioje n\u0117ra bud\u0117jimo srov\u0117s.<\/p>\n<p>Pagrindiniai poky\u010diai:<br \/>\nNaujos rungtyn\u0117s CA18 LED su stipresne \u0161viesos i\u0161\u0117jimu,<br \/>\nilgesnis diapazonas &#8211; iki 68 m,<br \/>\nIlgesnis eksploatavimo laikas &#8211; iki 70 valand\u0173,<br \/>\n3 veikimo b\u016bdai,<br \/>\nkolimacijos objektyvas,<br \/>\nMa\u017eesnis dydis,<br \/>\nlengvesnis dizainas,<br \/>\nEkonominis vairuotojas, neturintis bud\u0117jimo srov\u0117s,<br \/>\nDviej\u0173 pad\u0117\u010di\u0173 klipas.<\/p>\n","protected":false},"featured_media":125669,"template":"","meta":{"_acf_changed":false},"product_brand":[],"product_cat":[1173],"product_tag":[],"class_list":{"0":"post-151181","1":"product","2":"type-product","3":"status-publish","4":"has-post-thumbnail","6":"product_cat-zibintuvelis","8":"first","9":"instock","10":"purchasable","11":"product-type-simple"},"acf":[],"_links":{"self":[{"href":"https:\/\/kingarms.ee\/lt\/wp-json\/wp\/v2\/product\/151181","targetHints":{"allow":["GET"]}}],"collection":[{"href":"https:\/\/kingarms.ee\/lt\/wp-json\/wp\/v2\/product"}],"about":[{"href":"https:\/\/kingarms.ee\/lt\/wp-json\/wp\/v2\/types\/product"}],"wp:featuredmedia":[{"embeddable":true,"href":"https:\/\/kingarms.ee\/lt\/wp-json\/wp\/v2\/media\/125669"}],"wp:attachment":[{"href":"https:\/\/kingarms.ee\/lt\/wp-json\/wp\/v2\/media?parent=151181"}],"wp:term":[{"taxonomy":"product_brand","embeddable":true,"href":"https:\/\/kingarms.ee\/lt\/wp-json\/wp\/v2\/product_brand?post=151181"},{"taxonomy":"product_cat","embeddable":true,"href":"https:\/\/kingarms.ee\/lt\/wp-json\/wp\/v2\/product_cat?post=151181"},{"taxonomy":"product_tag","embeddable":true,"href":"https:\/\/kingarms.ee\/lt\/wp-json\/wp\/v2\/product_tag?post=151181"}],"curies":[{"name":"wp","href":"https:\/\/api.w.org\/{rel}","templated":true}]}}