{"id":151364,"date":"2022-04-26T13:17:59","date_gmt":"2025-06-28T15:32:00","guid":{"rendered":"https:\/\/kingarms.ee\/product\/2-tytuvenai-1-tytuvenai-8-tytuvenai\/"},"modified":"2025-06-28T18:32:00","modified_gmt":"2025-06-28T15:32:00","slug":"2-tytuvenai-1-tytuvenai-8-tytuvenai","status":"publish","type":"product","link":"https:\/\/kingarms.ee\/lt\/product\/2-tytuvenai-1-tytuvenai-8-tytuvenai\/","title":{"rendered":"2 TYTUV\u0116NAI 1 TYTUV\u0116NAI 8 TYTUV\u0116NAI"},"content":{"rendered":"","protected":false},"excerpt":{"rendered":"<p>2 POINT 1 POINT BUNGEE SLING BLACK 8FIELDS<\/p>\n<p>Fully adjustable sling designed to use as a 1 or 2-point attachment. Features 2 steel hooks and 2 polymer quick-release buckles. <\/p>\n","protected":false},"featured_media":117426,"template":"","meta":{"_acf_changed":false},"product_brand":[],"product_cat":[1206],"product_tag":[],"class_list":{"0":"post-151364","1":"product","2":"type-product","3":"status-publish","4":"has-post-thumbnail","6":"product_cat-ginklu-dirzeliai","8":"first","9":"outofstock","10":"purchasable","11":"product-type-simple"},"acf":[],"_links":{"self":[{"href":"https:\/\/kingarms.ee\/lt\/wp-json\/wp\/v2\/product\/151364","targetHints":{"allow":["GET"]}}],"collection":[{"href":"https:\/\/kingarms.ee\/lt\/wp-json\/wp\/v2\/product"}],"about":[{"href":"https:\/\/kingarms.ee\/lt\/wp-json\/wp\/v2\/types\/product"}],"wp:featuredmedia":[{"embeddable":true,"href":"https:\/\/kingarms.ee\/lt\/wp-json\/wp\/v2\/media\/117426"}],"wp:attachment":[{"href":"https:\/\/kingarms.ee\/lt\/wp-json\/wp\/v2\/media?parent=151364"}],"wp:term":[{"taxonomy":"product_brand","embeddable":true,"href":"https:\/\/kingarms.ee\/lt\/wp-json\/wp\/v2\/product_brand?post=151364"},{"taxonomy":"product_cat","embeddable":true,"href":"https:\/\/kingarms.ee\/lt\/wp-json\/wp\/v2\/product_cat?post=151364"},{"taxonomy":"product_tag","embeddable":true,"href":"https:\/\/kingarms.ee\/lt\/wp-json\/wp\/v2\/product_tag?post=151364"}],"curies":[{"name":"wp","href":"https:\/\/api.w.org\/{rel}","templated":true}]}}