{"id":151380,"date":"2022-04-26T13:17:59","date_gmt":"2025-06-28T15:38:16","guid":{"rendered":"https:\/\/kingarms.ee\/product\/ppsh-automatinis-replika-nekilnojamo-medienos-st\/"},"modified":"2025-06-28T18:38:16","modified_gmt":"2025-06-28T15:38:16","slug":"ppsh-automatinis-replika-nekilnojamo-medienos-st","status":"publish","type":"product","link":"https:\/\/kingarms.ee\/lt\/product\/ppsh-automatinis-replika-nekilnojamo-medienos-st\/","title":{"rendered":"PPSH AUTOMATINIS REPLIKA NEKILNOJAMO MEDIENOS ST"},"content":{"rendered":"","protected":false},"excerpt":{"rendered":"<p>PPSH SUBMACHINE GUN REPLICA REAL WOOD ST<\/p>\n<p>Weight: 3780 g<br \/>\nColor: wooden<br \/>\nMaterial: steel, wood, metal<br \/>\nGaisro re\u017eimas: vienas, Automatinis<br \/>\n\u017durnalo modelis: hi-cap<br \/>\n\u017durnalo med\u017eiaga: plienas<br \/>\nAkumuliatorius \u012ftrauktas \u012f rinkin\u012f: ne<br \/>\nPavar\u0173 d\u0117\u017e\u0117s versija: skirta<br \/>\nGuoliai tipas: plieno stumdomas<br \/>\nGuoli\u0173 skersmuo: 8 mm<br \/>\nApyni\u0173 iki: reguliuojamas<br \/>\n\u0160audmenys: .28g, .25g<br \/>\nSerijos numeris: taip<br \/>\nIlgis: 840 mm<br \/>\n\u017durnalo talpa: 2000 BBs<br \/>\nAkumuliatoriaus \u012ftampa V: 8,4<br \/>\nVidin\u0117s statin\u0117s ilgis: 275 mm<br \/>\nSnukio energija: 1,41 J<br \/>\nSnukio greitis fps: 390<br \/>\nVidin\u0117s statin\u0117s skersmuo: 6,03 mm<br \/>\nReplika Modelis: PPSh Airsoft Pistoletas<\/p>\n","protected":false},"featured_media":117364,"template":"","meta":{"_acf_changed":false},"product_brand":[],"product_cat":[1139],"product_tag":[1318],"class_list":{"0":"post-151380","1":"product","2":"type-product","3":"status-publish","4":"has-post-thumbnail","6":"product_cat-elektro-pneumatiniai-ginklai","7":"product_tag-4blss3ph-lt","9":"first","10":"onbackorder","11":"product-type-simple"},"acf":[],"_links":{"self":[{"href":"https:\/\/kingarms.ee\/lt\/wp-json\/wp\/v2\/product\/151380","targetHints":{"allow":["GET"]}}],"collection":[{"href":"https:\/\/kingarms.ee\/lt\/wp-json\/wp\/v2\/product"}],"about":[{"href":"https:\/\/kingarms.ee\/lt\/wp-json\/wp\/v2\/types\/product"}],"wp:featuredmedia":[{"embeddable":true,"href":"https:\/\/kingarms.ee\/lt\/wp-json\/wp\/v2\/media\/117364"}],"wp:attachment":[{"href":"https:\/\/kingarms.ee\/lt\/wp-json\/wp\/v2\/media?parent=151380"}],"wp:term":[{"taxonomy":"product_brand","embeddable":true,"href":"https:\/\/kingarms.ee\/lt\/wp-json\/wp\/v2\/product_brand?post=151380"},{"taxonomy":"product_cat","embeddable":true,"href":"https:\/\/kingarms.ee\/lt\/wp-json\/wp\/v2\/product_cat?post=151380"},{"taxonomy":"product_tag","embeddable":true,"href":"https:\/\/kingarms.ee\/lt\/wp-json\/wp\/v2\/product_tag?post=151380"}],"curies":[{"name":"wp","href":"https:\/\/api.w.org\/{rel}","templated":true}]}}