{"id":151407,"date":"2022-04-26T13:17:45","date_gmt":"2025-06-28T15:49:09","guid":{"rendered":"https:\/\/kingarms.ee\/product\/padalyti-priekine-krutines-dirza-juodos-8-laukai\/"},"modified":"2025-06-28T18:49:09","modified_gmt":"2025-06-28T15:49:09","slug":"padalyti-priekine-krutines-dirza-juodos-8-laukai","status":"publish","type":"product","link":"https:\/\/kingarms.ee\/lt\/product\/padalyti-priekine-krutines-dirza-juodos-8-laukai\/","title":{"rendered":"Padalyti priekin\u0119 kr\u016btin\u0117s dir\u017e\u0105 juodos 8 laukai"},"content":{"rendered":"","protected":false},"excerpt":{"rendered":"<p>Padalyti priekin\u0119 kr\u016btin\u0117s dir\u017e\u0105 juodos 8 laukai<\/p>\n<p>The Chest Harness is widely used by professional soldiers for holding ammunition, mags and other essential items. This multi-purpose chest rig capable of carrying M4\/AR-15\/M16\/ACR\/FAMAS\/SCAR-L\/TAVOR\/SA80\/Galil\/Type 89\/F2000\/AUG magazines. The Chest Harness body features a center QR buckle closure for ease of removing the rig from your body.  <\/p>\n","protected":false},"featured_media":117462,"template":"","meta":{"_acf_changed":false},"product_brand":[],"product_cat":[1240,1242],"product_tag":[],"class_list":{"0":"post-151407","1":"product","2":"type-product","3":"status-publish","4":"has-post-thumbnail","6":"product_cat-maiseliai-krepsiai-ir-dirzeliai","7":"product_cat-sandeliavimo-kisenes","9":"first","10":"instock","11":"purchasable","12":"product-type-simple"},"acf":[],"_links":{"self":[{"href":"https:\/\/kingarms.ee\/lt\/wp-json\/wp\/v2\/product\/151407","targetHints":{"allow":["GET"]}}],"collection":[{"href":"https:\/\/kingarms.ee\/lt\/wp-json\/wp\/v2\/product"}],"about":[{"href":"https:\/\/kingarms.ee\/lt\/wp-json\/wp\/v2\/types\/product"}],"wp:featuredmedia":[{"embeddable":true,"href":"https:\/\/kingarms.ee\/lt\/wp-json\/wp\/v2\/media\/117462"}],"wp:attachment":[{"href":"https:\/\/kingarms.ee\/lt\/wp-json\/wp\/v2\/media?parent=151407"}],"wp:term":[{"taxonomy":"product_brand","embeddable":true,"href":"https:\/\/kingarms.ee\/lt\/wp-json\/wp\/v2\/product_brand?post=151407"},{"taxonomy":"product_cat","embeddable":true,"href":"https:\/\/kingarms.ee\/lt\/wp-json\/wp\/v2\/product_cat?post=151407"},{"taxonomy":"product_tag","embeddable":true,"href":"https:\/\/kingarms.ee\/lt\/wp-json\/wp\/v2\/product_tag?post=151407"}],"curies":[{"name":"wp","href":"https:\/\/api.w.org\/{rel}","templated":true}]}}