{"id":151410,"date":"2022-04-26T13:17:19","date_gmt":"2025-06-28T15:52:26","guid":{"rendered":"https:\/\/kingarms.ee\/product\/horizontalus-naudingumo-maiselis-mb-8fields\/"},"modified":"2025-06-28T18:52:26","modified_gmt":"2025-06-28T15:52:26","slug":"horizontalus-naudingumo-maiselis-mb-8fields","status":"publish","type":"product","link":"https:\/\/kingarms.ee\/lt\/product\/horizontalus-naudingumo-maiselis-mb-8fields\/","title":{"rendered":"HORIZONTALUS NAUDINGUMO MAISELIS MB 8FIELDS"},"content":{"rendered":"","protected":false},"excerpt":{"rendered":"<p>HORIZONTAL UTILITY POUCH MB 8FIELDS<\/p>\n<p>\u0160is bendrosios paskirties mai\u0161elis pagamintas i\u0161 vandeniui atsparaus poliesterio 600D. gali b\u016bti naudojamas \u017eurnalams, antrankiams, telefonui, dokumentams, GPS, ma\u017eam RADIJUI, kompakti\u0161kam fotoaparatui ar kitiems tinkamiems daiktams laikyti.<br \/>\nViduje yra 3 vidin\u0117s ki\u0161en\u0117s.<br \/>\nSuderinamas su bet kokiomis MOLLE platformomis (liemen\u0117, krep\u0161ys, darbo dir\u017eas ar kuprin\u0117). <\/p>\n","protected":false},"featured_media":117828,"template":"","meta":{"_acf_changed":false},"product_brand":[],"product_cat":[1246,1240],"product_tag":[],"class_list":{"0":"post-151410","1":"product","2":"type-product","3":"status-publish","4":"has-post-thumbnail","6":"product_cat-kisenes","7":"product_cat-maiseliai-krepsiai-ir-dirzeliai","9":"first","10":"instock","11":"purchasable","12":"product-type-simple"},"acf":[],"_links":{"self":[{"href":"https:\/\/kingarms.ee\/lt\/wp-json\/wp\/v2\/product\/151410","targetHints":{"allow":["GET"]}}],"collection":[{"href":"https:\/\/kingarms.ee\/lt\/wp-json\/wp\/v2\/product"}],"about":[{"href":"https:\/\/kingarms.ee\/lt\/wp-json\/wp\/v2\/types\/product"}],"wp:featuredmedia":[{"embeddable":true,"href":"https:\/\/kingarms.ee\/lt\/wp-json\/wp\/v2\/media\/117828"}],"wp:attachment":[{"href":"https:\/\/kingarms.ee\/lt\/wp-json\/wp\/v2\/media?parent=151410"}],"wp:term":[{"taxonomy":"product_brand","embeddable":true,"href":"https:\/\/kingarms.ee\/lt\/wp-json\/wp\/v2\/product_brand?post=151410"},{"taxonomy":"product_cat","embeddable":true,"href":"https:\/\/kingarms.ee\/lt\/wp-json\/wp\/v2\/product_cat?post=151410"},{"taxonomy":"product_tag","embeddable":true,"href":"https:\/\/kingarms.ee\/lt\/wp-json\/wp\/v2\/product_tag?post=151410"}],"curies":[{"name":"wp","href":"https:\/\/api.w.org\/{rel}","templated":true}]}}