{"id":151441,"date":"2022-04-06T00:39:00","date_gmt":"2025-06-28T16:18:32","guid":{"rendered":"https:\/\/kingarms.ee\/product\/ultra-lingva-spec-ops-mich-medium-cut-salmo-black-8fields-copy\/"},"modified":"2025-06-28T19:18:32","modified_gmt":"2025-06-28T16:18:32","slug":"ultra-lingva-spec-ops-mich-medium-cut-salmo-black-8fields-copy","status":"publish","type":"product","link":"https:\/\/kingarms.ee\/lt\/product\/ultra-lingva-spec-ops-mich-medium-cut-salmo-black-8fields-copy\/","title":{"rendered":"ULTRA LINGVA SPEC OPS MICH MEDIUM CUT SALMO BLACK 8FIELDS COPY"},"content":{"rendered":"","protected":false},"excerpt":{"rendered":"<p>ULTRA LIGHT REPLICA OF SPEC OPS MICH MID CUT HELMET BLACK 8FIELDS<\/p>\n<p>Labai gerai \u017einomo \u0161almo, kur\u012f naudojo JAV armija, kopija. Jame yra du tvirtinimo b\u0117geliai, skirti laikyti special\u0173 taktini\u0173 pried\u0173, toki\u0173 kaip taktiniai \u017eibintuv\u0117liai, Klausos apsauga ir kt., laikikl\u012f. \u0160almo priekyje taip pat yra naktinio matymo akini\u0173 laikiklis. Jame yra velcro juostos, leid\u017eian\u010dios pritvirtinti komandos v\u0117liavas, moralines pagalv\u0117les ir kt.   <\/p>\n","protected":false},"featured_media":116140,"template":"","meta":{"_acf_changed":false},"product_brand":[],"product_cat":[1222,1216],"product_tag":[],"class_list":{"0":"post-151441","1":"product","2":"type-product","3":"status-publish","4":"has-post-thumbnail","6":"product_cat-airsoft-lt-2","7":"product_cat-salmai","9":"first","10":"instock","11":"taxable","12":"shipping-taxable","13":"purchasable","14":"product-type-variable"},"acf":[],"_links":{"self":[{"href":"https:\/\/kingarms.ee\/lt\/wp-json\/wp\/v2\/product\/151441","targetHints":{"allow":["GET"]}}],"collection":[{"href":"https:\/\/kingarms.ee\/lt\/wp-json\/wp\/v2\/product"}],"about":[{"href":"https:\/\/kingarms.ee\/lt\/wp-json\/wp\/v2\/types\/product"}],"wp:featuredmedia":[{"embeddable":true,"href":"https:\/\/kingarms.ee\/lt\/wp-json\/wp\/v2\/media\/116140"}],"wp:attachment":[{"href":"https:\/\/kingarms.ee\/lt\/wp-json\/wp\/v2\/media?parent=151441"}],"wp:term":[{"taxonomy":"product_brand","embeddable":true,"href":"https:\/\/kingarms.ee\/lt\/wp-json\/wp\/v2\/product_brand?post=151441"},{"taxonomy":"product_cat","embeddable":true,"href":"https:\/\/kingarms.ee\/lt\/wp-json\/wp\/v2\/product_cat?post=151441"},{"taxonomy":"product_tag","embeddable":true,"href":"https:\/\/kingarms.ee\/lt\/wp-json\/wp\/v2\/product_tag?post=151441"}],"curies":[{"name":"wp","href":"https:\/\/api.w.org\/{rel}","templated":true}]}}