{"id":151469,"date":"2022-11-28T18:51:56","date_gmt":"2025-06-29T10:12:33","guid":{"rendered":"https:\/\/kingarms.ee\/product\/isgyvenimo-keliones-virykle-kuras-javel\/"},"modified":"2025-06-29T13:12:33","modified_gmt":"2025-06-29T10:12:33","slug":"isgyvenimo-keliones-virykle-kuras-javel","status":"publish","type":"product","link":"https:\/\/kingarms.ee\/lt\/product\/isgyvenimo-keliones-virykle-kuras-javel\/","title":{"rendered":"I\u0161gyvenimo kelion\u0117s virykl\u0117 + kuras [Javel]"},"content":{"rendered":"","protected":false},"excerpt":{"rendered":"<p>I\u0161gyvenimo kelion\u0117s virykl\u0117 + kuras [Javel]<\/p>\n<p>Po ilgo \u017eygio ar dienos veiklos taku, kar\u0161tas valgis yra privaloma stotel\u0117. \u0160iltas patiekalas ir kar\u0161ta arbata priver\u010dia mane jaustis geriau, papildyti energij\u0105 ir suteikti j\u0117g\u0173 t\u0119sti. Geriausi pavyzd\u017eiai yra geriau skaniau lauke, kar\u0161ta kava ir saldi arbata. Nor\u0117dami paruo\u0161ti sau stimuliuojant\u012f al\u0173, viskas, ko jums reikia, yra vanduo i\u0161 valgyklos, plieninis \u0161ildymo indas, g\u0117rimas milteliais ir patogus \u017eandikaulio rinkinys.   <\/p>\n","protected":false},"featured_media":125689,"template":"","meta":{"_acf_changed":false},"product_brand":[],"product_cat":[1263],"product_tag":[],"class_list":{"0":"post-151469","1":"product","2":"type-product","3":"status-publish","4":"has-post-thumbnail","6":"product_cat-kelioniu-prekes","8":"first","9":"instock","10":"purchasable","11":"product-type-simple"},"acf":[],"_links":{"self":[{"href":"https:\/\/kingarms.ee\/lt\/wp-json\/wp\/v2\/product\/151469","targetHints":{"allow":["GET"]}}],"collection":[{"href":"https:\/\/kingarms.ee\/lt\/wp-json\/wp\/v2\/product"}],"about":[{"href":"https:\/\/kingarms.ee\/lt\/wp-json\/wp\/v2\/types\/product"}],"wp:featuredmedia":[{"embeddable":true,"href":"https:\/\/kingarms.ee\/lt\/wp-json\/wp\/v2\/media\/125689"}],"wp:attachment":[{"href":"https:\/\/kingarms.ee\/lt\/wp-json\/wp\/v2\/media?parent=151469"}],"wp:term":[{"taxonomy":"product_brand","embeddable":true,"href":"https:\/\/kingarms.ee\/lt\/wp-json\/wp\/v2\/product_brand?post=151469"},{"taxonomy":"product_cat","embeddable":true,"href":"https:\/\/kingarms.ee\/lt\/wp-json\/wp\/v2\/product_cat?post=151469"},{"taxonomy":"product_tag","embeddable":true,"href":"https:\/\/kingarms.ee\/lt\/wp-json\/wp\/v2\/product_tag?post=151469"}],"curies":[{"name":"wp","href":"https:\/\/api.w.org\/{rel}","templated":true}]}}