{"id":151472,"date":"2022-11-14T16:49:08","date_gmt":"2025-06-29T10:15:38","guid":{"rendered":"https:\/\/kingarms.ee\/product\/bugno-zurnalas-1730-raundu-prk9-g-g\/"},"modified":"2025-06-29T13:15:38","modified_gmt":"2025-06-29T10:15:38","slug":"bugno-zurnalas-1730-raundu-prk9-g-g","status":"publish","type":"product","link":"https:\/\/kingarms.ee\/lt\/product\/bugno-zurnalas-1730-raundu-prk9-g-g\/","title":{"rendered":"B\u016bgno \u017eurnalas 1730 raund\u0173 Prk9 g &amp; g"},"content":{"rendered":"","protected":false},"excerpt":{"rendered":"<p>B\u016bgno \u017eurnalas 1730 raund\u0173 Prk9 g &amp; g<\/p>\n<p>Rum magazine<br \/>\npolimero konstrukcija<br \/>\n1730 raund\u0173<br \/>\nrankinis valdymas<br \/>\ntinka prk 9 serijos G &amp; G \u0161autuvams<\/p>\n","protected":false},"featured_media":125245,"template":"","meta":{"_acf_changed":false},"product_brand":[],"product_cat":[1199],"product_tag":[],"class_list":{"0":"post-151472","1":"product","2":"type-product","3":"status-publish","4":"has-post-thumbnail","6":"product_cat-airsoft-lt","8":"first","9":"instock","10":"sale","11":"purchasable","12":"product-type-simple"},"acf":[],"_links":{"self":[{"href":"https:\/\/kingarms.ee\/lt\/wp-json\/wp\/v2\/product\/151472","targetHints":{"allow":["GET"]}}],"collection":[{"href":"https:\/\/kingarms.ee\/lt\/wp-json\/wp\/v2\/product"}],"about":[{"href":"https:\/\/kingarms.ee\/lt\/wp-json\/wp\/v2\/types\/product"}],"wp:featuredmedia":[{"embeddable":true,"href":"https:\/\/kingarms.ee\/lt\/wp-json\/wp\/v2\/media\/125245"}],"wp:attachment":[{"href":"https:\/\/kingarms.ee\/lt\/wp-json\/wp\/v2\/media?parent=151472"}],"wp:term":[{"taxonomy":"product_brand","embeddable":true,"href":"https:\/\/kingarms.ee\/lt\/wp-json\/wp\/v2\/product_brand?post=151472"},{"taxonomy":"product_cat","embeddable":true,"href":"https:\/\/kingarms.ee\/lt\/wp-json\/wp\/v2\/product_cat?post=151472"},{"taxonomy":"product_tag","embeddable":true,"href":"https:\/\/kingarms.ee\/lt\/wp-json\/wp\/v2\/product_tag?post=151472"}],"curies":[{"name":"wp","href":"https:\/\/api.w.org\/{rel}","templated":true}]}}