{"id":151474,"date":"2022-11-14T16:49:08","date_gmt":"2025-06-29T10:16:58","guid":{"rendered":"https:\/\/kingarms.ee\/product\/sautuvas-m4-astrus-bros-ares\/"},"modified":"2025-06-29T13:16:58","modified_gmt":"2025-06-29T10:16:58","slug":"sautuvas-m4-astrus-bros-ares","status":"publish","type":"product","link":"https:\/\/kingarms.ee\/lt\/product\/sautuvas-m4-astrus-bros-ares\/","title":{"rendered":"\u0160autuvas M4 a\u0161tr\u016bs Bros. [ares]"},"content":{"rendered":"","protected":false},"excerpt":{"rendered":"<p>\u0160autuvas M4 a\u0161tr\u016bs Bros. [ares] <\/p>\n<p>Elektrinis \u0161autuvas M4 hellbreaker<br \/>\n\u012fgaliotas prek\u0117s \u017eenklas i\u0161si\u0161akoja bros.<br \/>\nVisas metalas su nailono pluo\u0161to atsargomis ir rankena<br \/>\na\u0161tr\u016bs bros. dizainas k\u016bno<br \/>\naliuminio 10 coli\u0173 rank\u0173 apsauga<br \/>\nmetalin\u0117 pavar\u0173 d\u0117\u017e\u0117<br \/>\n300 raund\u0173 hi-cap \u017eurnalas<br \/>\nreguliuojamas \u0161uolis auk\u0161tyn<br \/>\ni\u0161traukiamos atsargos<br \/>\napver\u010diami taikikliai<br \/>\nsaugos, pusiau ir visi\u0161kai automatinis<br \/>\nilgis 730mm-810mm<br \/>\nsvoris 2460g <\/p>\n","protected":false},"featured_media":125297,"template":"","meta":{"_acf_changed":false},"product_brand":[],"product_cat":[1139],"product_tag":[],"class_list":{"0":"post-151474","1":"product","2":"type-product","3":"status-publish","4":"has-post-thumbnail","6":"product_cat-elektro-pneumatiniai-ginklai","8":"first","9":"instock","10":"sale","11":"purchasable","12":"product-type-simple"},"acf":[],"_links":{"self":[{"href":"https:\/\/kingarms.ee\/lt\/wp-json\/wp\/v2\/product\/151474","targetHints":{"allow":["GET"]}}],"collection":[{"href":"https:\/\/kingarms.ee\/lt\/wp-json\/wp\/v2\/product"}],"about":[{"href":"https:\/\/kingarms.ee\/lt\/wp-json\/wp\/v2\/types\/product"}],"wp:featuredmedia":[{"embeddable":true,"href":"https:\/\/kingarms.ee\/lt\/wp-json\/wp\/v2\/media\/125297"}],"wp:attachment":[{"href":"https:\/\/kingarms.ee\/lt\/wp-json\/wp\/v2\/media?parent=151474"}],"wp:term":[{"taxonomy":"product_brand","embeddable":true,"href":"https:\/\/kingarms.ee\/lt\/wp-json\/wp\/v2\/product_brand?post=151474"},{"taxonomy":"product_cat","embeddable":true,"href":"https:\/\/kingarms.ee\/lt\/wp-json\/wp\/v2\/product_cat?post=151474"},{"taxonomy":"product_tag","embeddable":true,"href":"https:\/\/kingarms.ee\/lt\/wp-json\/wp\/v2\/product_tag?post=151474"}],"curies":[{"name":"wp","href":"https:\/\/api.w.org\/{rel}","templated":true}]}}