{"id":151475,"date":"2022-11-14T16:48:58","date_gmt":"2025-06-29T10:17:42","guid":{"rendered":"https:\/\/kingarms.ee\/product\/cnc-trigger-ar15-typef-modify\/"},"modified":"2025-06-29T13:17:42","modified_gmt":"2025-06-29T10:17:42","slug":"cnc-trigger-ar15-typef-modify","status":"publish","type":"product","link":"https:\/\/kingarms.ee\/lt\/product\/cnc-trigger-ar15-typef-modify\/","title":{"rendered":"CNC Trigger AR15 TypeF Modify"},"content":{"rendered":"","protected":false},"excerpt":{"rendered":"<p>CNC Trigger AR15 TypeF Modify<\/p>\n<p>Triggerio F Tipas<br \/>\nAnoduotas Aliuminio Duris en AW 7075 Konstrukcija<br \/>\n\u201eGaminta Su Cnc Ma\u0161inomis\u201c<br \/>\nStandartinis Atsakymo trigeris<br \/>\n\u201eSKIRTA 2 VERSIJOS Pavar\u0173 D\u0117\u017e\u0117MS Su\u201c Tokyo Maui standartas \u201c<\/p>\n","protected":false},"featured_media":125323,"template":"","meta":{"_acf_changed":false},"product_brand":[],"product_cat":[1250],"product_tag":[],"class_list":{"0":"post-151475","1":"product","2":"type-product","3":"status-publish","4":"has-post-thumbnail","6":"product_cat-derinimas","8":"first","9":"instock","10":"purchasable","11":"product-type-simple"},"acf":[],"_links":{"self":[{"href":"https:\/\/kingarms.ee\/lt\/wp-json\/wp\/v2\/product\/151475","targetHints":{"allow":["GET"]}}],"collection":[{"href":"https:\/\/kingarms.ee\/lt\/wp-json\/wp\/v2\/product"}],"about":[{"href":"https:\/\/kingarms.ee\/lt\/wp-json\/wp\/v2\/types\/product"}],"wp:featuredmedia":[{"embeddable":true,"href":"https:\/\/kingarms.ee\/lt\/wp-json\/wp\/v2\/media\/125323"}],"wp:attachment":[{"href":"https:\/\/kingarms.ee\/lt\/wp-json\/wp\/v2\/media?parent=151475"}],"wp:term":[{"taxonomy":"product_brand","embeddable":true,"href":"https:\/\/kingarms.ee\/lt\/wp-json\/wp\/v2\/product_brand?post=151475"},{"taxonomy":"product_cat","embeddable":true,"href":"https:\/\/kingarms.ee\/lt\/wp-json\/wp\/v2\/product_cat?post=151475"},{"taxonomy":"product_tag","embeddable":true,"href":"https:\/\/kingarms.ee\/lt\/wp-json\/wp\/v2\/product_tag?post=151475"}],"curies":[{"name":"wp","href":"https:\/\/api.w.org\/{rel}","templated":true}]}}