{"id":151482,"date":"2022-11-14T16:48:32","date_gmt":"2025-06-29T10:19:59","guid":{"rendered":"https:\/\/kingarms.ee\/product\/kiseninis-sulankstomas-peilis-sck\/"},"modified":"2025-06-29T13:19:59","modified_gmt":"2025-06-29T10:19:59","slug":"kiseninis-sulankstomas-peilis-sck","status":"publish","type":"product","link":"https:\/\/kingarms.ee\/lt\/product\/kiseninis-sulankstomas-peilis-sck\/","title":{"rendered":"Ki\u0161eninis sulankstomas peilis [sck]"},"content":{"rendered":"","protected":false},"excerpt":{"rendered":"<p>Ki\u0161eninis sulankstomas peilis [sck]<br \/>\nNer\u016bdijan\u010dio plieno a\u0161menys<br \/>\nner\u016bdijan\u010dio plieno ir med\u017eio rankena<br \/>\ndir\u017eo segtukas<br \/>\nlinijinis u\u017eraktas<br \/>\nnyk\u0161\u010dio stud<br \/>\nu\u017edaras ilgis 115mm<br \/>\nbendras ilgis 210mm<br \/>\nsvoris 170g<\/p>\n","protected":false},"featured_media":125455,"template":"","meta":{"_acf_changed":false},"product_brand":[],"product_cat":[1259],"product_tag":[],"class_list":{"0":"post-151482","1":"product","2":"type-product","3":"status-publish","4":"has-post-thumbnail","6":"product_cat-peiliai","8":"first","9":"onbackorder","10":"product-type-simple"},"acf":[],"_links":{"self":[{"href":"https:\/\/kingarms.ee\/lt\/wp-json\/wp\/v2\/product\/151482","targetHints":{"allow":["GET"]}}],"collection":[{"href":"https:\/\/kingarms.ee\/lt\/wp-json\/wp\/v2\/product"}],"about":[{"href":"https:\/\/kingarms.ee\/lt\/wp-json\/wp\/v2\/types\/product"}],"wp:featuredmedia":[{"embeddable":true,"href":"https:\/\/kingarms.ee\/lt\/wp-json\/wp\/v2\/media\/125455"}],"wp:attachment":[{"href":"https:\/\/kingarms.ee\/lt\/wp-json\/wp\/v2\/media?parent=151482"}],"wp:term":[{"taxonomy":"product_brand","embeddable":true,"href":"https:\/\/kingarms.ee\/lt\/wp-json\/wp\/v2\/product_brand?post=151482"},{"taxonomy":"product_cat","embeddable":true,"href":"https:\/\/kingarms.ee\/lt\/wp-json\/wp\/v2\/product_cat?post=151482"},{"taxonomy":"product_tag","embeddable":true,"href":"https:\/\/kingarms.ee\/lt\/wp-json\/wp\/v2\/product_tag?post=151482"}],"curies":[{"name":"wp","href":"https:\/\/api.w.org\/{rel}","templated":true}]}}