{"id":151490,"date":"2022-10-31T15:13:51","date_gmt":"2022-10-31T12:13:51","guid":{"rendered":"https:\/\/kingarms.ee\/product\/stovyklavimo-stalas-sulankstomas\/"},"modified":"2025-06-29T13:25:13","modified_gmt":"2025-06-29T10:25:13","slug":"stovyklavimo-stalas-sulankstomas","status":"publish","type":"product","link":"https:\/\/kingarms.ee\/lt\/product\/stovyklavimo-stalas-sulankstomas\/","title":{"rendered":"Stovyklavimo stalas, sulankstomas"},"content":{"rendered":"","protected":false},"excerpt":{"rendered":"<p>greitas surinkimas d\u0117l ki\u0161tukini\u0173 ir \u0161arnyrini\u0173 jung\u010di\u0173<br \/>\n2 stalo auk\u0161tis ca. 25 \/ 55 cm<br \/>\ndengtas MDF-Stalvir\u0161is<br \/>\nPakuot\u0117s dydis: ca. 45 po 31 po 7 cm (L po h)<br \/>\nMatmenys: ca. 60 po 45 po 25 \/ 55 (L po h)<br \/>\nSvoris: ca. 2,25 kg    <\/p>\n","protected":false},"featured_media":125073,"template":"","meta":{"_acf_changed":false},"product_brand":[],"product_cat":[1263],"product_tag":[],"class_list":{"0":"post-151490","1":"product","2":"type-product","3":"status-publish","4":"has-post-thumbnail","6":"product_cat-kelioniu-prekes","8":"first","9":"instock","10":"sale","11":"purchasable","12":"product-type-simple"},"acf":[],"_links":{"self":[{"href":"https:\/\/kingarms.ee\/lt\/wp-json\/wp\/v2\/product\/151490","targetHints":{"allow":["GET"]}}],"collection":[{"href":"https:\/\/kingarms.ee\/lt\/wp-json\/wp\/v2\/product"}],"about":[{"href":"https:\/\/kingarms.ee\/lt\/wp-json\/wp\/v2\/types\/product"}],"wp:featuredmedia":[{"embeddable":true,"href":"https:\/\/kingarms.ee\/lt\/wp-json\/wp\/v2\/media\/125073"}],"wp:attachment":[{"href":"https:\/\/kingarms.ee\/lt\/wp-json\/wp\/v2\/media?parent=151490"}],"wp:term":[{"taxonomy":"product_brand","embeddable":true,"href":"https:\/\/kingarms.ee\/lt\/wp-json\/wp\/v2\/product_brand?post=151490"},{"taxonomy":"product_cat","embeddable":true,"href":"https:\/\/kingarms.ee\/lt\/wp-json\/wp\/v2\/product_cat?post=151490"},{"taxonomy":"product_tag","embeddable":true,"href":"https:\/\/kingarms.ee\/lt\/wp-json\/wp\/v2\/product_tag?post=151490"}],"curies":[{"name":"wp","href":"https:\/\/api.w.org\/{rel}","templated":true}]}}