{"id":151500,"date":"2022-10-17T15:47:32","date_gmt":"2025-06-29T10:29:08","guid":{"rendered":"https:\/\/kingarms.ee\/product\/granules-diabolo-crosman\/"},"modified":"2025-06-29T13:29:08","modified_gmt":"2025-06-29T10:29:08","slug":"granules-diabolo-crosman","status":"publish","type":"product","link":"https:\/\/kingarms.ee\/lt\/product\/granules-diabolo-crosman\/","title":{"rendered":"Granul\u0117s diabolo Crosman"},"content":{"rendered":"","protected":false},"excerpt":{"rendered":"<p>Granul\u0117s diabolo Crosman<\/p>\n<p>Diabolo granul\u0117s su a\u0161triu ta\u0161ku, kurio d\u0117ka jos gerai praduria ir puikiai sulau\u017eo kietesnius taikinius, pavyzd\u017eiui, butelius. Puikiai tinka fotografuoti trumpais ir vidutiniais atstumais. <\/p>\n","protected":false},"featured_media":124474,"template":"","meta":{"_acf_changed":false},"product_brand":[],"product_cat":[1189],"product_tag":[],"class_list":{"0":"post-151500","1":"product","2":"type-product","3":"status-publish","4":"has-post-thumbnail","6":"product_cat-oro-pistoletas-4-5-mm","8":"first","9":"onbackorder","10":"product-type-simple"},"acf":[],"_links":{"self":[{"href":"https:\/\/kingarms.ee\/lt\/wp-json\/wp\/v2\/product\/151500","targetHints":{"allow":["GET"]}}],"collection":[{"href":"https:\/\/kingarms.ee\/lt\/wp-json\/wp\/v2\/product"}],"about":[{"href":"https:\/\/kingarms.ee\/lt\/wp-json\/wp\/v2\/types\/product"}],"wp:featuredmedia":[{"embeddable":true,"href":"https:\/\/kingarms.ee\/lt\/wp-json\/wp\/v2\/media\/124474"}],"wp:attachment":[{"href":"https:\/\/kingarms.ee\/lt\/wp-json\/wp\/v2\/media?parent=151500"}],"wp:term":[{"taxonomy":"product_brand","embeddable":true,"href":"https:\/\/kingarms.ee\/lt\/wp-json\/wp\/v2\/product_brand?post=151500"},{"taxonomy":"product_cat","embeddable":true,"href":"https:\/\/kingarms.ee\/lt\/wp-json\/wp\/v2\/product_cat?post=151500"},{"taxonomy":"product_tag","embeddable":true,"href":"https:\/\/kingarms.ee\/lt\/wp-json\/wp\/v2\/product_tag?post=151500"}],"curies":[{"name":"wp","href":"https:\/\/api.w.org\/{rel}","templated":true}]}}