{"id":151506,"date":"2022-10-17T15:47:32","date_gmt":"2025-06-29T10:31:32","guid":{"rendered":"https:\/\/kingarms.ee\/product\/diabolo-granules-4-5-500-umarekso\/"},"modified":"2025-06-29T13:31:32","modified_gmt":"2025-06-29T10:31:32","slug":"diabolo-granules-4-5-500-umarekso","status":"publish","type":"product","link":"https:\/\/kingarms.ee\/lt\/product\/diabolo-granules-4-5-500-umarekso\/","title":{"rendered":"Diabolo granul\u0117s 4.5 \/ 500 Umarekso"},"content":{"rendered":"","protected":false},"excerpt":{"rendered":"<p>Diabolo granul\u0117s 4.5 \/ 500 Umarekso<\/p>\n<p>Umarekso kobros smail\u016bs Briaunoti 4,5 \/ 500 diabolo granul\u0117s yra rai\u017eytos granul\u0117s su smailia galva, kuri u\u017etikrina auk\u0161t\u0105 taikinio sm\u016bgio \u012fsiskverbim\u0105.<br \/>\nTa\u0161kinio Tipo granul\u0117s d\u0117l puikaus \u012fsiskverbimo grei\u010dio yra skirtos pramoginiam \u0161audymui ir gali b\u016bti naudojamos &#8220;sunaikinti&#8221; \u012fvairi\u0173 tip\u0173 objektus, tokius kaip skardin\u0117s, buteliai, ir pataikyti \u012f reaktyvius taikinius. Puikiai tinka fotografuoti trumpais ir vidutiniais atstumais. <\/p>\n","protected":false},"featured_media":124433,"template":"","meta":{"_acf_changed":false},"product_brand":[],"product_cat":[1189],"product_tag":[],"class_list":{"0":"post-151506","1":"product","2":"type-product","3":"status-publish","4":"has-post-thumbnail","6":"product_cat-oro-pistoletas-4-5-mm","8":"first","9":"onbackorder","10":"product-type-simple"},"acf":[],"_links":{"self":[{"href":"https:\/\/kingarms.ee\/lt\/wp-json\/wp\/v2\/product\/151506","targetHints":{"allow":["GET"]}}],"collection":[{"href":"https:\/\/kingarms.ee\/lt\/wp-json\/wp\/v2\/product"}],"about":[{"href":"https:\/\/kingarms.ee\/lt\/wp-json\/wp\/v2\/types\/product"}],"wp:featuredmedia":[{"embeddable":true,"href":"https:\/\/kingarms.ee\/lt\/wp-json\/wp\/v2\/media\/124433"}],"wp:attachment":[{"href":"https:\/\/kingarms.ee\/lt\/wp-json\/wp\/v2\/media?parent=151506"}],"wp:term":[{"taxonomy":"product_brand","embeddable":true,"href":"https:\/\/kingarms.ee\/lt\/wp-json\/wp\/v2\/product_brand?post=151506"},{"taxonomy":"product_cat","embeddable":true,"href":"https:\/\/kingarms.ee\/lt\/wp-json\/wp\/v2\/product_cat?post=151506"},{"taxonomy":"product_tag","embeddable":true,"href":"https:\/\/kingarms.ee\/lt\/wp-json\/wp\/v2\/product_tag?post=151506"}],"curies":[{"name":"wp","href":"https:\/\/api.w.org\/{rel}","templated":true}]}}