{"id":151507,"date":"2022-10-03T16:15:20","date_gmt":"2025-06-29T10:34:21","guid":{"rendered":"https:\/\/kingarms.ee\/product\/ginklo-deklas-megaline\/"},"modified":"2025-06-29T13:34:21","modified_gmt":"2025-06-29T10:34:21","slug":"ginklo-deklas-megaline","status":"publish","type":"product","link":"https:\/\/kingarms.ee\/lt\/product\/ginklo-deklas-megaline\/","title":{"rendered":"Ginklo D\u0117klas Megaline"},"content":{"rendered":"","protected":false},"excerpt":{"rendered":"<p>Ginklo D\u0117klas Megaline<\/p>\n<p>D\u0117klas pistoletui 24,5h17,8h3,9 cm Juodas Megaline 601\/0000<br \/>\nTvirtas ginklo d\u0117klas rankiniams ginklams, pneumatiniams \u0161autuvams ar ASG kopijoms su priedais gabenti ar laikyti. Pagaminta italijos kompanijos Megaline.<br \/>\nJis buvo pagamintas i\u0161 standaus plastiko, kurio d\u0117ka konstrukcija su savo sm\u016bgiu ir atsparumu lenkimui u\u017etikrina visi\u0161k\u0105 ne\u0161amo ginklo apsaug\u0105. Ginkl\u0173 gabenimas ir laikymas d\u0117kle apsaugo \u012frang\u0105 nuo mechanini\u0173 pa\u017eeidim\u0173 ir nepalanki\u0173 oro s\u0105lyg\u0173.  <\/p>\n","protected":false},"featured_media":123693,"template":"","meta":{"_acf_changed":false},"product_brand":[],"product_cat":[1196,1245,1240],"product_tag":[],"class_list":{"0":"post-151507","1":"product","2":"type-product","3":"status-publish","4":"has-post-thumbnail","6":"product_cat-lagaminai","7":"product_cat-maisai-lt","8":"product_cat-maiseliai-krepsiai-ir-dirzeliai","10":"first","11":"instock","12":"purchasable","13":"product-type-simple"},"acf":[],"_links":{"self":[{"href":"https:\/\/kingarms.ee\/lt\/wp-json\/wp\/v2\/product\/151507","targetHints":{"allow":["GET"]}}],"collection":[{"href":"https:\/\/kingarms.ee\/lt\/wp-json\/wp\/v2\/product"}],"about":[{"href":"https:\/\/kingarms.ee\/lt\/wp-json\/wp\/v2\/types\/product"}],"wp:featuredmedia":[{"embeddable":true,"href":"https:\/\/kingarms.ee\/lt\/wp-json\/wp\/v2\/media\/123693"}],"wp:attachment":[{"href":"https:\/\/kingarms.ee\/lt\/wp-json\/wp\/v2\/media?parent=151507"}],"wp:term":[{"taxonomy":"product_brand","embeddable":true,"href":"https:\/\/kingarms.ee\/lt\/wp-json\/wp\/v2\/product_brand?post=151507"},{"taxonomy":"product_cat","embeddable":true,"href":"https:\/\/kingarms.ee\/lt\/wp-json\/wp\/v2\/product_cat?post=151507"},{"taxonomy":"product_tag","embeddable":true,"href":"https:\/\/kingarms.ee\/lt\/wp-json\/wp\/v2\/product_tag?post=151507"}],"curies":[{"name":"wp","href":"https:\/\/api.w.org\/{rel}","templated":true}]}}