{"id":151512,"date":"2022-10-03T16:15:20","date_gmt":"2025-06-29T10:39:18","guid":{"rendered":"https:\/\/kingarms.ee\/product\/snugpak-maksi-kilimelis-savaime-pripuciamas-kilimelis-alyvuogiu-zalia\/"},"modified":"2025-06-29T13:39:18","modified_gmt":"2025-06-29T10:39:18","slug":"snugpak-maksi-kilimelis-savaime-pripuciamas-kilimelis-alyvuogiu-zalia","status":"publish","type":"product","link":"https:\/\/kingarms.ee\/lt\/product\/snugpak-maksi-kilimelis-savaime-pripuciamas-kilimelis-alyvuogiu-zalia\/","title":{"rendered":"Snugpak Maksi kilim\u0117lis savaime pripu\u010diamas kilim\u0117lis alyvuogi\u0173 \u017ealia"},"content":{"rendered":"","protected":false},"excerpt":{"rendered":"<p>Snugpak Maksi kilim\u0117lis savaime pripu\u010diamas kilim\u0117lis alyvuogi\u0173 \u017ealia<\/p>\n<p>Snugpak Maksi alyvuogi\u0173 savaime pripu\u010diamas kilim\u0117lis-jis yra pilno dyd\u017eio, gerai izoliuoja ir suteikia poilsio komfort\u0105. Kilim\u0117lis yra ma\u017eo svorio ir suspaud\u017eiamas iki ma\u017eo dyd\u017eio, tod\u0117l j\u012f lengva transportuoti. Jis turi kietumo reguliavim\u0105, kur\u012f u\u017etikrina vo\u017etuvas, jis taip pat yra neslidus d\u0117l audinio, apdailinan\u010dio kilim\u0117lio dugn\u0105.  <\/p>\n","protected":false},"featured_media":123690,"template":"","meta":{"_acf_changed":false},"product_brand":[],"product_cat":[1263,1238],"product_tag":[],"class_list":{"0":"post-151512","1":"product","2":"type-product","3":"status-publish","4":"has-post-thumbnail","6":"product_cat-kelioniu-prekes","7":"product_cat-miegmaisiai","9":"first","10":"instock","11":"sale","12":"purchasable","13":"product-type-simple"},"acf":[],"_links":{"self":[{"href":"https:\/\/kingarms.ee\/lt\/wp-json\/wp\/v2\/product\/151512","targetHints":{"allow":["GET"]}}],"collection":[{"href":"https:\/\/kingarms.ee\/lt\/wp-json\/wp\/v2\/product"}],"about":[{"href":"https:\/\/kingarms.ee\/lt\/wp-json\/wp\/v2\/types\/product"}],"wp:featuredmedia":[{"embeddable":true,"href":"https:\/\/kingarms.ee\/lt\/wp-json\/wp\/v2\/media\/123690"}],"wp:attachment":[{"href":"https:\/\/kingarms.ee\/lt\/wp-json\/wp\/v2\/media?parent=151512"}],"wp:term":[{"taxonomy":"product_brand","embeddable":true,"href":"https:\/\/kingarms.ee\/lt\/wp-json\/wp\/v2\/product_brand?post=151512"},{"taxonomy":"product_cat","embeddable":true,"href":"https:\/\/kingarms.ee\/lt\/wp-json\/wp\/v2\/product_cat?post=151512"},{"taxonomy":"product_tag","embeddable":true,"href":"https:\/\/kingarms.ee\/lt\/wp-json\/wp\/v2\/product_tag?post=151512"}],"curies":[{"name":"wp","href":"https:\/\/api.w.org\/{rel}","templated":true}]}}