{"id":151514,"date":"2022-10-03T16:15:20","date_gmt":"2025-06-29T10:41:52","guid":{"rendered":"https:\/\/kingarms.ee\/product\/magclip-magnetic-implight-laikiklis-23-26-mm-realhunter\/"},"modified":"2025-06-29T13:41:52","modified_gmt":"2025-06-29T10:41:52","slug":"magclip-magnetic-implight-laikiklis-23-26-mm-realhunter","status":"publish","type":"product","link":"https:\/\/kingarms.ee\/lt\/product\/magclip-magnetic-implight-laikiklis-23-26-mm-realhunter\/","title":{"rendered":"\u201eMagClip Magnetic Implight\u201c laikiklis &#8211; 23\u201326 mm \u201eRealhunter\u201c"},"content":{"rendered":"","protected":false},"excerpt":{"rendered":"<p>\u201eMagClip Magnetic Implight\u201c laikiklis &#8211; 23\u201326 mm \u201eRealhunter\u201c<\/p>\n<p>MagCLIP yra magnetinis \u017eibintuv\u0117li\u0173 su 23-26 mm vamzdeliais tvirtinimas, leid\u017eiantis montuoti be \u012franki\u0173 ant pistoleto, automobilio k\u0117bulo ar dvira\u010dio vairo.<\/p>\n<p>Magnetin\u0117je baz\u0117je naudojami du stipr\u016bs neodimio magnetai, kurie apsaugai buvo padengti guma. Jie saugiai suima metalines dalis-pvz., ginklo vamzd\u012f ar dvira\u010dio vair\u0105. <\/p>\n<p>\u017diedo vidin\u0117s pus\u0117s pamu\u0161alas ant vamzdelio su mink\u0161tomis putomis ir neslid\u017eios gumos sluoksniu apsaugo nuo \u012fbr\u0117\u017eim\u0173 ant degiklio pavir\u0161iaus ir papildomai j\u012f stabilizuoja. Reguliavimas var\u017etu leid\u017eia naudoti \u017eibintuv\u0117lius, kuri\u0173 vamzd\u017eio skersmuo yra nuo 23 iki 26 mm. <\/p>\n","protected":false},"featured_media":123686,"template":"","meta":{"_acf_changed":false},"product_brand":[],"product_cat":[1169,1171],"product_tag":[],"class_list":{"0":"post-151514","1":"product","2":"type-product","3":"status-publish","4":"has-post-thumbnail","6":"product_cat-tvirtinimo-elementai","7":"product_cat-ziedai","9":"first","10":"instock","11":"purchasable","12":"product-type-simple"},"acf":[],"_links":{"self":[{"href":"https:\/\/kingarms.ee\/lt\/wp-json\/wp\/v2\/product\/151514","targetHints":{"allow":["GET"]}}],"collection":[{"href":"https:\/\/kingarms.ee\/lt\/wp-json\/wp\/v2\/product"}],"about":[{"href":"https:\/\/kingarms.ee\/lt\/wp-json\/wp\/v2\/types\/product"}],"wp:featuredmedia":[{"embeddable":true,"href":"https:\/\/kingarms.ee\/lt\/wp-json\/wp\/v2\/media\/123686"}],"wp:attachment":[{"href":"https:\/\/kingarms.ee\/lt\/wp-json\/wp\/v2\/media?parent=151514"}],"wp:term":[{"taxonomy":"product_brand","embeddable":true,"href":"https:\/\/kingarms.ee\/lt\/wp-json\/wp\/v2\/product_brand?post=151514"},{"taxonomy":"product_cat","embeddable":true,"href":"https:\/\/kingarms.ee\/lt\/wp-json\/wp\/v2\/product_cat?post=151514"},{"taxonomy":"product_tag","embeddable":true,"href":"https:\/\/kingarms.ee\/lt\/wp-json\/wp\/v2\/product_tag?post=151514"}],"curies":[{"name":"wp","href":"https:\/\/api.w.org\/{rel}","templated":true}]}}