{"id":151516,"date":"2022-10-03T16:15:09","date_gmt":"2025-06-29T10:47:24","guid":{"rendered":"https:\/\/kingarms.ee\/product\/dviguba-grupe-vhf-uhf-radijo-baofeng\/"},"modified":"2025-06-29T13:47:24","modified_gmt":"2025-06-29T10:47:24","slug":"dviguba-grupe-vhf-uhf-radijo-baofeng","status":"publish","type":"product","link":"https:\/\/kingarms.ee\/lt\/product\/dviguba-grupe-vhf-uhf-radijo-baofeng\/","title":{"rendered":"Dviguba grup\u0117 VHF\/UHF radijo baofeng"},"content":{"rendered":"","protected":false},"excerpt":{"rendered":"<p>Dviguba grup\u0117 VHF\/UHF radijo baofeng<\/p>\n<p>Dviej\u0173 juost\u0173 VHF \/ uhf Radijas 128 kanalai<\/p>\n<p>Da\u017eni\u0173 diapazonas: &#8211; vhf 136-174 mhz-uhf 400-520 mhz<\/p>\n<p>Perdavimo galia: 8V-1V<\/p>\n<p>ap\u0161viestas lcd ekranas su baterijos taupymo funkcija<\/p>\n<p>vir\u0161utinis LED \u017eibintuv\u0117lis (fiksuota arba mirksinti lemput\u0117)<\/p>\n<p>pridedama ausin\u0117 ir mikrofonas su ptt ir spaustuku<\/p>\n<p>pridedamas Rankinis ne\u0161iojimo dir\u017eas<\/p>\n<p>galinis klipas \u012ftrauktas<\/p>\n<p>matmenys: 58mm 110mm 32mm (be antenos)<\/p>\n<p>svoris: 160g li-ion 7.4 V 2000mAh<\/p>\n<p>komplekte baterija ir stalo \u012fkroviklis<\/p>\n","protected":false},"featured_media":136499,"template":"","meta":{"_acf_changed":false},"product_brand":[],"product_cat":[1269],"product_tag":[],"class_list":{"0":"post-151516","1":"product","2":"type-product","3":"status-publish","4":"has-post-thumbnail","6":"product_cat-imtuvai","8":"first","9":"instock","10":"purchasable","11":"product-type-simple"},"acf":[],"_links":{"self":[{"href":"https:\/\/kingarms.ee\/lt\/wp-json\/wp\/v2\/product\/151516","targetHints":{"allow":["GET"]}}],"collection":[{"href":"https:\/\/kingarms.ee\/lt\/wp-json\/wp\/v2\/product"}],"about":[{"href":"https:\/\/kingarms.ee\/lt\/wp-json\/wp\/v2\/types\/product"}],"wp:featuredmedia":[{"embeddable":true,"href":"https:\/\/kingarms.ee\/lt\/wp-json\/wp\/v2\/media\/136499"}],"wp:attachment":[{"href":"https:\/\/kingarms.ee\/lt\/wp-json\/wp\/v2\/media?parent=151516"}],"wp:term":[{"taxonomy":"product_brand","embeddable":true,"href":"https:\/\/kingarms.ee\/lt\/wp-json\/wp\/v2\/product_brand?post=151516"},{"taxonomy":"product_cat","embeddable":true,"href":"https:\/\/kingarms.ee\/lt\/wp-json\/wp\/v2\/product_cat?post=151516"},{"taxonomy":"product_tag","embeddable":true,"href":"https:\/\/kingarms.ee\/lt\/wp-json\/wp\/v2\/product_tag?post=151516"}],"curies":[{"name":"wp","href":"https:\/\/api.w.org\/{rel}","templated":true}]}}