{"id":151518,"date":"2022-10-03T16:15:09","date_gmt":"2025-06-29T10:49:31","guid":{"rendered":"https:\/\/kingarms.ee\/product\/taktinis-liemene-jumper-plokstes-vezejas-emersongear\/"},"modified":"2025-06-29T13:49:31","modified_gmt":"2025-06-29T10:49:31","slug":"taktinis-liemene-jumper-plokstes-vezejas-emersongear","status":"publish","type":"product","link":"https:\/\/kingarms.ee\/lt\/product\/taktinis-liemene-jumper-plokstes-vezejas-emersongear\/","title":{"rendered":"Taktinis liemen\u0117 Jumper plok\u0161t\u0117s ve\u017e\u0117jas EMERSONGEAR"},"content":{"rendered":"","protected":false},"excerpt":{"rendered":"<p>Taktinis liemen\u0117 Jumper plok\u0161t\u0117s ve\u017e\u0117jas EMERSONGEAR<\/p>\n<p>Emerson gear tactical vest jumper plate carrier priekin\u0117 ir galin\u0117 molle sistema priekin\u0117s velcro priekin\u0117s ki\u0161en\u0117s su velcro u\u017edarymu reguliuojamas plotis reguliuojami pe\u010di\u0173 dir\u017eeliai lanks\u010dios balistin\u0117s plok\u0161t\u0117s Svoris 750g<\/p>\n","protected":false},"featured_media":123846,"template":"","meta":{"_acf_changed":false},"product_brand":[],"product_cat":[1235],"product_tag":[],"class_list":{"0":"post-151518","1":"product","2":"type-product","3":"status-publish","4":"has-post-thumbnail","6":"product_cat-liemeneles-ir-dirzai","8":"first","9":"instock","10":"purchasable","11":"product-type-simple"},"acf":[],"_links":{"self":[{"href":"https:\/\/kingarms.ee\/lt\/wp-json\/wp\/v2\/product\/151518","targetHints":{"allow":["GET"]}}],"collection":[{"href":"https:\/\/kingarms.ee\/lt\/wp-json\/wp\/v2\/product"}],"about":[{"href":"https:\/\/kingarms.ee\/lt\/wp-json\/wp\/v2\/types\/product"}],"wp:featuredmedia":[{"embeddable":true,"href":"https:\/\/kingarms.ee\/lt\/wp-json\/wp\/v2\/media\/123846"}],"wp:attachment":[{"href":"https:\/\/kingarms.ee\/lt\/wp-json\/wp\/v2\/media?parent=151518"}],"wp:term":[{"taxonomy":"product_brand","embeddable":true,"href":"https:\/\/kingarms.ee\/lt\/wp-json\/wp\/v2\/product_brand?post=151518"},{"taxonomy":"product_cat","embeddable":true,"href":"https:\/\/kingarms.ee\/lt\/wp-json\/wp\/v2\/product_cat?post=151518"},{"taxonomy":"product_tag","embeddable":true,"href":"https:\/\/kingarms.ee\/lt\/wp-json\/wp\/v2\/product_tag?post=151518"}],"curies":[{"name":"wp","href":"https:\/\/api.w.org\/{rel}","templated":true}]}}