{"id":151536,"date":"2022-07-04T14:18:57","date_gmt":"2025-06-29T11:02:08","guid":{"rendered":"https:\/\/kingarms.ee\/product\/energetinis-gerimas-kalasnikovas\/"},"modified":"2025-06-29T14:02:08","modified_gmt":"2025-06-29T11:02:08","slug":"energetinis-gerimas-kalasnikovas","status":"publish","type":"product","link":"https:\/\/kingarms.ee\/lt\/product\/energetinis-gerimas-kalasnikovas\/","title":{"rendered":"Energetinis g\u0117rimas Kala\u0161nikovas"},"content":{"rendered":"","protected":false},"excerpt":{"rendered":"<p>Energetinis g\u0117rimas Kala\u0161nikovas<\/p>\n<p>Kalashnikov energetinis g\u0117rimas \u012fgaliojimus per savo krauj\u0105, tekinimo kiekvien\u0105 l\u0105stel\u0119 raudona! Kai jums reikia to papildomo post\u016bmio m\u016b\u0161io lauke, \u012fsigilinkite ir i\u0161traukite savo Kala\u0161nikovo energetin\u012f g\u0117rim\u0105! Padarykite kiekvien\u0105 langel\u012f equal&#8230;in nuostabumas.  <\/p>\n","protected":false},"featured_media":122821,"template":"","meta":{"_acf_changed":false},"product_brand":[],"product_cat":[1272],"product_tag":[],"class_list":{"0":"post-151536","1":"product","2":"type-product","3":"status-publish","4":"has-post-thumbnail","6":"product_cat-taktine-maisto-pakuote","8":"first","9":"outofstock","10":"taxable","11":"shipping-taxable","12":"purchasable","13":"product-type-simple"},"acf":[],"_links":{"self":[{"href":"https:\/\/kingarms.ee\/lt\/wp-json\/wp\/v2\/product\/151536","targetHints":{"allow":["GET"]}}],"collection":[{"href":"https:\/\/kingarms.ee\/lt\/wp-json\/wp\/v2\/product"}],"about":[{"href":"https:\/\/kingarms.ee\/lt\/wp-json\/wp\/v2\/types\/product"}],"wp:featuredmedia":[{"embeddable":true,"href":"https:\/\/kingarms.ee\/lt\/wp-json\/wp\/v2\/media\/122821"}],"wp:attachment":[{"href":"https:\/\/kingarms.ee\/lt\/wp-json\/wp\/v2\/media?parent=151536"}],"wp:term":[{"taxonomy":"product_brand","embeddable":true,"href":"https:\/\/kingarms.ee\/lt\/wp-json\/wp\/v2\/product_brand?post=151536"},{"taxonomy":"product_cat","embeddable":true,"href":"https:\/\/kingarms.ee\/lt\/wp-json\/wp\/v2\/product_cat?post=151536"},{"taxonomy":"product_tag","embeddable":true,"href":"https:\/\/kingarms.ee\/lt\/wp-json\/wp\/v2\/product_tag?post=151536"}],"curies":[{"name":"wp","href":"https:\/\/api.w.org\/{rel}","templated":true}]}}