{"id":151564,"date":"2022-06-27T12:09:51","date_gmt":"2025-06-29T11:23:36","guid":{"rendered":"https:\/\/kingarms.ee\/product\/savaitinis-maisto-tiekimo-rinkinys-su-mesos-savaites-pakuote-alpha-2080g\/"},"modified":"2025-06-29T14:23:36","modified_gmt":"2025-06-29T11:23:36","slug":"savaitinis-maisto-tiekimo-rinkinys-su-mesos-savaites-pakuote-alpha-2080g","status":"publish","type":"product","link":"https:\/\/kingarms.ee\/lt\/product\/savaitinis-maisto-tiekimo-rinkinys-su-mesos-savaites-pakuote-alpha-2080g\/","title":{"rendered":"Savaitinis maisto tiekimo rinkinys su m\u0117sos savait\u0117s pakuote Alpha 2080g"},"content":{"rendered":"","protected":false},"excerpt":{"rendered":"<ul>\n<li>Savaitinis maisto tiekimo rinkinys su m\u0117sos savait\u0117s pakuote Alpha 2080g<\/li>\n<li class=\"stock out-of-stock\"><strong>Visa savait\u0117 maisto vienam asmeniui<\/strong><\/li>\n<li>Eikite \u012f \u017eygius p\u0117s\u010diomis, \u017evejokite su draugais, j\u016bra ar bet kokiais kitais nuotykiais-griebkite taktin\u0119 savait\u0117s pakuot\u0119 ir jums nereik\u0117s jaudintis d\u0117l maisto<\/li>\n<li>Tik tuo atveju, jei norite namuose tur\u0117ti maisto atsarg\u0173, kurios garantuos j\u016bs\u0173 \u0161eimos pasitik\u0117jim\u0105, jei kilt\u0173 p\u016bga, potvyniai ar, pavyzd\u017eiui, nutr\u016bkt\u0173 elektros tiekimas<\/li>\n<li>Savait\u0117s pakuot\u0117je yra 21 kar\u0161tas maistas (10 skani\u0173 pagrindini\u0173 patiekal\u0173, 7 pusry\u010diai ir 4 sriubos)<\/li>\n<li>\u012e savait\u0117s paket\u0105 \u012ftraukti patiekalai ruo\u0161iami Estijoje<\/li>\n<li>\u012epilkite tik vandens<\/li>\n<\/ul>\n<p>Tuo atveju, jei negalima pagaminti kar\u0161to vandens, tik tuo atveju rekomenduojame taip pat apsir\u016bpinti <a href=\"https:\/\/toidupakk.ee\/tactical-foodpack\/tactical-fire-pot-suutegeel-40ml\/\">padegamuoju<\/a> geliu, kuris bet kokiomis aplinkyb\u0117mis leid\u017eia tiesiog pa\u0161ildyti maist\u0105. Taktinis ugnies puodo u\u017edegimo gelis leid\u017eia pa\u0161ildyti iki 10 maisto pakuo\u010di\u0173. <\/p>\n<p>Jei negalima naudoti <strong>atviros<\/strong> liepsnos arba vandens negalima virti, maistui pa\u0161ildyti yra maisto \u0161ildymo mai\u0161elis su kaitinimo elementu. Tai leid\u017eia jums paruo\u0161ti visus taktinius maisto paket\u0173 patiekalus. \u0160ildymo <a href=\"https:\/\/toidupakk.ee\/tactical-foodpack\/toidu-kuumutuskott-kutteelemendiga\/\">elementas<\/a> reaguoja \u012f s\u0105lyt\u012f su \u0161altu vandeniu, o vandens temperat\u016bra pakyla iki 100 laipsni\u0173.  <\/p>\n<p>&nbsp;<\/p>\n<p><strong>Maitinimas \u012ftrauktas \u012f savait\u0117s pakuot\u0119:<\/strong><\/p>\n<p>4 kartus ry\u017ei\u0173 ko\u0161\u0117 su aviet\u0117mis. &#8211; grynasis Svoris 90g, energin\u0117 vert\u0117 vienai porcijai 425 kcal<br \/>\n3 kartus avi\u017eini\u0173 dribsni\u0173 ko\u0161\u0117 su obuoliais-grynasis Svoris 90g, energin\u0117 vert\u0117 porcijoje 390 kcal<br \/>\n2 kartus Bolonijos spage\u010diai-grynasis svoris 115 g, energin\u0117 vert\u0117 porcijoje 542 kcal<br \/>\n2 kartus bulvi\u0173 ko\u0161\u0117 su \u0161onine-grynasis svoris 110g, energin\u0117 vert\u0117 porcijoje 601 kcal<br \/>\n2 kartus m\u0117sos sriuba-grynasis svoris 90 g, energin\u0117 vert\u0117 porcijoje 440 kcal<br \/>\n2 kartus a\u0161tri makaron\u0173 sriuba. &#8211; grynasis svoris 70g, energin\u0117 vert\u0117 porcijoje 346 kcal<br \/>\n2 kartus vi\u0161tienos karis su ry\u017eiais. &#8211; grynasis svoris 100g, Energin\u0117 vert\u0117 porcijoje 500 kcal<br \/>\n2 kartus ry\u017ei\u0173 patiekalas su kiauliena-grynasis svoris 115 g, energin\u0117 vert\u0117 porcijoje 523 kcal<br \/>\n2 kartus makaron\u0173 patiekalas su vi\u0161tiena. &#8211; grynasis svoris 115g, energin\u0117 vert\u0117 porcijoje 550 kcal    <\/p>\n<p>Bendra energin\u0117 vert\u0117: 9874 kcal<br clear=\"none\">Bendras baltym\u0173 kiekis: 355,2 g<\/p>\n<p><strong>Geriausias iki: 8 met\u0173<\/strong><\/p>\n","protected":false},"featured_media":122727,"template":"","meta":{"_acf_changed":false},"product_brand":[],"product_cat":[1272],"product_tag":[],"class_list":{"0":"post-151564","1":"product","2":"type-product","3":"status-publish","4":"has-post-thumbnail","6":"product_cat-taktine-maisto-pakuote","8":"first","9":"instock","10":"taxable","11":"shipping-taxable","12":"purchasable","13":"product-type-simple"},"acf":[],"_links":{"self":[{"href":"https:\/\/kingarms.ee\/lt\/wp-json\/wp\/v2\/product\/151564","targetHints":{"allow":["GET"]}}],"collection":[{"href":"https:\/\/kingarms.ee\/lt\/wp-json\/wp\/v2\/product"}],"about":[{"href":"https:\/\/kingarms.ee\/lt\/wp-json\/wp\/v2\/types\/product"}],"wp:featuredmedia":[{"embeddable":true,"href":"https:\/\/kingarms.ee\/lt\/wp-json\/wp\/v2\/media\/122727"}],"wp:attachment":[{"href":"https:\/\/kingarms.ee\/lt\/wp-json\/wp\/v2\/media?parent=151564"}],"wp:term":[{"taxonomy":"product_brand","embeddable":true,"href":"https:\/\/kingarms.ee\/lt\/wp-json\/wp\/v2\/product_brand?post=151564"},{"taxonomy":"product_cat","embeddable":true,"href":"https:\/\/kingarms.ee\/lt\/wp-json\/wp\/v2\/product_cat?post=151564"},{"taxonomy":"product_tag","embeddable":true,"href":"https:\/\/kingarms.ee\/lt\/wp-json\/wp\/v2\/product_tag?post=151564"}],"curies":[{"name":"wp","href":"https:\/\/api.w.org\/{rel}","templated":true}]}}