{"id":151567,"date":"2022-06-27T12:00:56","date_gmt":"2025-06-29T11:28:34","guid":{"rendered":"https:\/\/kingarms.ee\/product\/taktinis-sesiakampis-bravo-600-g\/"},"modified":"2025-06-29T14:28:34","modified_gmt":"2025-06-29T11:28:34","slug":"taktinis-sesiakampis-bravo-600-g","status":"publish","type":"product","link":"https:\/\/kingarms.ee\/lt\/product\/taktinis-sesiakampis-bravo-600-g\/","title":{"rendered":"Taktinis \u0161e\u0161iakampis bravo 600 g"},"content":{"rendered":"","protected":false},"excerpt":{"rendered":"<p>Taktinis \u0161e\u0161iakampis bravo 600 g<\/p>\n<p>Kombinuota pakuot\u0117 skirta lyd\u0117ti jus \u012f dviej\u0173 dien\u0173 \u017eyg\u012f. Taktinis FoodPack Bravo apima 6 skirting\u0173 maisto pakuo\u010di\u0173, arba 6 kar\u0161t\u0173 patiekal\u0173. \u0160e\u0161ipack yra 20% nuolaida, jei perkate tuos pa\u010dius produktus atskirai!  <\/p>\n<p>Pakuot\u0117je rasite \u0161iuos skanius patiekalus:<\/p>\n<p>* Ry\u017ei\u0173 ko\u0161\u0117 su uogomis-grynasis Svoris 90g, energin\u0117 vert\u0117 porcijoje 425 kcal<\/p>\n<p>* A\u0161tri makaron\u0173 sriuba su vi\u0161tiena-grynasis svoris 70g, energin\u0117 vert\u0117 porcijoje 346 kcal<\/p>\n<p>* Makaron\u0173 patiekalas su vi\u0161tiena-grynasis svoris 115g, energin\u0117 vert\u0117 porcijoje 550 kcal<\/p>\n<p>* Jautienos bulvi\u0173 tro\u0161kinys-grynasis svoris 100g, Energin\u0117 vert\u0117 porcijoje 515 kcal<\/p>\n<p>* Ry\u017ei\u0173 patiekalas su kiauliena-neto svoris 115g, energin\u0117 vert\u0117 porcijoje 523 kcal<\/p>\n<p>* Kremin\u0117 dar\u017eovi\u0173 pasta-grynasis svoris 110g, energin\u0117 vert\u0117 porcijoje 513 kcal<\/p>\n<p>Be to, mes nemokamai pateik\u0117me maisto \u0161ildymo mai\u0161el\u012f su kaitinimo elementu, kuris leid\u017eia pa\u0161ildyti maist\u0105, net jei ne\u012fmanoma pasigaminti kar\u0161to vandens ar ugnies.<\/p>\n<p>Bendra \u0161e\u0161i\u0173 pakuo\u010di\u0173 Bravo energin\u0117 vert\u0117 2872 kcal.<\/p>\n","protected":false},"featured_media":122715,"template":"","meta":{"_acf_changed":false},"product_brand":[],"product_cat":[1272],"product_tag":[],"class_list":{"0":"post-151567","1":"product","2":"type-product","3":"status-publish","4":"has-post-thumbnail","6":"product_cat-taktine-maisto-pakuote","8":"first","9":"instock","10":"taxable","11":"shipping-taxable","12":"purchasable","13":"product-type-simple"},"acf":[],"_links":{"self":[{"href":"https:\/\/kingarms.ee\/lt\/wp-json\/wp\/v2\/product\/151567","targetHints":{"allow":["GET"]}}],"collection":[{"href":"https:\/\/kingarms.ee\/lt\/wp-json\/wp\/v2\/product"}],"about":[{"href":"https:\/\/kingarms.ee\/lt\/wp-json\/wp\/v2\/types\/product"}],"wp:featuredmedia":[{"embeddable":true,"href":"https:\/\/kingarms.ee\/lt\/wp-json\/wp\/v2\/media\/122715"}],"wp:attachment":[{"href":"https:\/\/kingarms.ee\/lt\/wp-json\/wp\/v2\/media?parent=151567"}],"wp:term":[{"taxonomy":"product_brand","embeddable":true,"href":"https:\/\/kingarms.ee\/lt\/wp-json\/wp\/v2\/product_brand?post=151567"},{"taxonomy":"product_cat","embeddable":true,"href":"https:\/\/kingarms.ee\/lt\/wp-json\/wp\/v2\/product_cat?post=151567"},{"taxonomy":"product_tag","embeddable":true,"href":"https:\/\/kingarms.ee\/lt\/wp-json\/wp\/v2\/product_tag?post=151567"}],"curies":[{"name":"wp","href":"https:\/\/api.w.org\/{rel}","templated":true}]}}