{"id":151568,"date":"2022-06-27T11:56:42","date_gmt":"2025-06-29T11:30:38","guid":{"rendered":"https:\/\/kingarms.ee\/product\/taktinis-sesiakampis-alpha-595g\/"},"modified":"2025-06-29T14:30:38","modified_gmt":"2025-06-29T11:30:38","slug":"taktinis-sesiakampis-alpha-595g","status":"publish","type":"product","link":"https:\/\/kingarms.ee\/lt\/product\/taktinis-sesiakampis-alpha-595g\/","title":{"rendered":"Taktinis \u0161e\u0161iakampis \u201eAlpha 595G\u201c"},"content":{"rendered":"","protected":false},"excerpt":{"rendered":"<p>Taktinis \u0161e\u0161iakampis \u201eAlpha 595G\u201c<\/p>\n<p>Kombinuota pakuot\u0117 skirta lyd\u0117ti jus \u012f dviej\u0173 dien\u0173 \u017eyg\u012f. Taktinis FoodPack anketa \u0160e\u0161ipack Alpha apima 6 skirting\u0173 maisto pakuo\u010di\u0173, arba 6 kar\u0161t\u0173 patiekal\u0173. <\/p>\n<p>Pakuot\u0117je rasite \u0161iuos skanius patiekalus:<\/p>\n<p>* Ry\u017ei\u0173 ko\u0161\u0117 su uogomis-grynasis Svoris 90g, energin\u0117 vert\u0117 porcijoje 425 kcal<\/p>\n<p>* Avi\u017eini\u0173 dribsni\u0173 ko\u0161\u0117 su obuoliais-grynasis svoris 90 g, energin\u0117 vert\u0117 porcijoje 390<span class=\"Apple-converted-space\">  <\/span>kcal<\/p>\n<p>* Bulvi\u0173 ko\u0161\u0117 su \u0161onine-grynasis svoris 110g, energin\u0117 vert\u0117 porcijoje 601 kcal<\/p>\n<p>* M\u0117sos sriuba-grynasis svoris 90 g, energin\u0117 vert\u0117 vienai porcijai 440 kcal<\/p>\n<p>* Vi\u0161tienos karis su ry\u017eiais-grynasis svoris 100 g, energin\u0117 vert\u0117 porcijoje 500 kcal<\/p>\n<p>* Spage\u010diai Bolognese-grynasis svoris 115 g, energin\u0117 vert\u0117 porcijoje 542 kcal<\/p>\n<p>Be to, mes nemokamai pateik\u0117me maisto \u0161ildymo mai\u0161el\u012f su kaitinimo elementu, kuris leid\u017eia pa\u0161ildyti maist\u0105, net jei ne\u012fmanoma pasigaminti kar\u0161to vandens ar ugnies.<\/p>\n<p>Bendra energetin\u0117 vert\u0117 \u0160e\u0161ipack Alfa u\u017e 2898 kcal.<\/p>\n","protected":false},"featured_media":122712,"template":"","meta":{"_acf_changed":false},"product_brand":[],"product_cat":[1272],"product_tag":[],"class_list":{"0":"post-151568","1":"product","2":"type-product","3":"status-publish","4":"has-post-thumbnail","6":"product_cat-taktine-maisto-pakuote","8":"first","9":"instock","10":"taxable","11":"shipping-taxable","12":"purchasable","13":"product-type-simple"},"acf":[],"_links":{"self":[{"href":"https:\/\/kingarms.ee\/lt\/wp-json\/wp\/v2\/product\/151568","targetHints":{"allow":["GET"]}}],"collection":[{"href":"https:\/\/kingarms.ee\/lt\/wp-json\/wp\/v2\/product"}],"about":[{"href":"https:\/\/kingarms.ee\/lt\/wp-json\/wp\/v2\/types\/product"}],"wp:featuredmedia":[{"embeddable":true,"href":"https:\/\/kingarms.ee\/lt\/wp-json\/wp\/v2\/media\/122712"}],"wp:attachment":[{"href":"https:\/\/kingarms.ee\/lt\/wp-json\/wp\/v2\/media?parent=151568"}],"wp:term":[{"taxonomy":"product_brand","embeddable":true,"href":"https:\/\/kingarms.ee\/lt\/wp-json\/wp\/v2\/product_brand?post=151568"},{"taxonomy":"product_cat","embeddable":true,"href":"https:\/\/kingarms.ee\/lt\/wp-json\/wp\/v2\/product_cat?post=151568"},{"taxonomy":"product_tag","embeddable":true,"href":"https:\/\/kingarms.ee\/lt\/wp-json\/wp\/v2\/product_tag?post=151568"}],"curies":[{"name":"wp","href":"https:\/\/api.w.org\/{rel}","templated":true}]}}